{"id":94,"date":"2026-01-12T02:54:50","date_gmt":"2026-01-12T02:54:50","guid":{"rendered":"https:\/\/lamior.site\/?post_type=product&#038;p=94"},"modified":"2026-01-15T09:47:38","modified_gmt":"2026-01-15T09:47:38","slug":"nuoc-xa-vai-lamior-huong-hoa-co-2","status":"publish","type":"product","link":"https:\/\/lamior.site\/index.php\/san-pham\/nuoc-xa-vai-lamior-huong-hoa-co-2\/","title":{"rendered":"N\u01b0\u1edbc x\u1ea3 v\u1ea3i Lamior &#8211; H\u01b0\u01a1ng hoa c\u1ecf"},"content":{"rendered":"<div class=\"Y3BBE\" data-sfc-cp=\"\" data-hveid=\"CAEQAA\" data-processed=\"true\">N\u01b0\u1edbc x\u1ea3 v\u1ea3i h\u01b0\u01a1ng hoa c\u1ecf l\u00e0 s\u1ea3n ph\u1ea9m gi\u00fap qu\u1ea7n \u00e1o m\u1ec1m m\u1ea1i, th\u01a1m m\u00e1t v\u1edbi h\u01b0\u01a1ng th\u01a1m t\u1ef1 nhi\u00ean, t\u01b0\u01a1i m\u1edbi c\u1ee7a hoa c\u1ecf, th\u01b0\u1eddng c\u00f3 c\u00f4ng th\u1ee9c \u0111\u1eadm \u0111\u1eb7c, ch\u1ee9a tinh d\u1ea7u l\u01b0u h\u01b0\u01a1ng gi\u00fap kh\u1eed m\u00f9i h\u00f4i (\u1ea9m m\u1ed1c, m\u1ed3 h\u00f4i) v\u00e0 gi\u1eef m\u00f9i h\u01b0\u01a1ng d\u1ec5 ch\u1ecbu su\u1ed1t ng\u00e0y d\u00e0i, th\u00edch h\u1ee3p cho c\u1ea3 gi\u1eb7t tay v\u00e0 m\u00e1y gi\u1eb7t, b\u1ea3o v\u1ec7 s\u1ee3i v\u1ea3i v\u00e0 gi\u1eef qu\u1ea7n \u00e1o lu\u00f4n nh\u01b0 m\u1edbi.<span class=\"uJ19be notranslate\" data-wiz-uids=\"SaFegc_b\" data-processed=\"true\"><span class=\"vKEkVd\" data-animation-atomic=\"\" data-wiz-attrbind=\"class=SaFegc_a\/TKHnVd\" data-processed=\"true\">\u00a0<\/span><\/span><\/div>\n<div class=\"Y3BBE\" data-sfc-cp=\"\" data-hveid=\"CAIQAA\" data-processed=\"true\"><strong class=\"Yjhzub\" data-processed=\"true\">\u0110\u1eb7c \u0111i\u1ec3m n\u1ed5i b\u1eadt:<\/strong><\/div>\n<ul class=\"KsbFXc U6u95\" data-processed=\"true\">\n<li data-hveid=\"CAMQAA\" data-processed=\"true\"><span class=\"T286Pc\" data-sfc-cp=\"\" data-processed=\"true\"><strong class=\"Yjhzub\" data-processed=\"true\">H\u01b0\u01a1ng th\u01a1m:<\/strong>\u00a0Nh\u1eb9 nh\u00e0ng, t\u01b0\u01a1i m\u1edbi, quy\u1ebfn r\u0169 nh\u01b0 h\u01b0\u01a1ng hoa c\u1ecf t\u1ef1 nhi\u00ean, l\u01b0u l\u1ea1i b\u1ec1n l\u00e2u.<\/span><\/li>\n<li data-hveid=\"CAMQAQ\" data-processed=\"true\"><span class=\"T286Pc\" data-sfc-cp=\"\" data-processed=\"true\"><strong class=\"Yjhzub\" data-processed=\"true\">L\u00e0m m\u1ec1m v\u1ea3i:<\/strong> C\u00f4ng th\u1ee9c \u0111\u1eb7c bi\u1ec7t gi\u00fap l\u00e0m m\u1ec1m s\u1ee3i v\u1ea3i, gi\u1eef form d\u00e1ng qu\u1ea7n \u00e1o.<\/span><\/li>\n<li data-hveid=\"CAMQAg\" data-processed=\"true\"><span class=\"T286Pc\" data-sfc-cp=\"\" data-processed=\"true\"><strong class=\"Yjhzub\" data-processed=\"true\">Kh\u1eed m\u00f9i hi\u1ec7u qu\u1ea3:<\/strong>\u00a0Lo\u1ea1i b\u1ecf m\u00f9i h\u00f4i kh\u00f3 ch\u1ecbu (m\u00f9i \u1ea9m m\u1ed1c, m\u1ed3 h\u00f4i) v\u00e0 t\u1ea1o h\u00e0ng r\u00e0o kh\u00e1ng khu\u1ea9n.<\/span><\/li>\n<li data-hveid=\"CAMQAw\" data-processed=\"true\"><span class=\"T286Pc\" data-sfc-cp=\"\" data-processed=\"true\"><strong class=\"Yjhzub\" data-processed=\"true\">B\u1ea3o v\u1ec7 qu\u1ea7n \u00e1o:<\/strong>\u00a0Gi\u00fap qu\u1ea7n \u00e1o t\u01b0\u01a1i m\u00e0u, ch\u1ed1ng nh\u0103n v\u00e0 gi\u1eef \u0111\u1ed9 b\u1ec1n cho s\u1ee3i v\u1ea3i.<\/span><\/li>\n<li data-hveid=\"CAMQBA\" data-processed=\"true\"><span class=\"T286Pc\" data-sfc-cp=\"\" data-processed=\"true\"><strong class=\"Yjhzub\" data-processed=\"true\">Ti\u1ec7n l\u1ee3i:<\/strong>\u00a0C\u00f3 nhi\u1ec1u d\u1ea1ng (t\u00fai l\u1edbn, chai x\u1ecbt), d\u1ec5 s\u1eed d\u1ee5ng, ti\u1ebft ki\u1ec7m chi ph\u00ed.<\/span><span class=\"uJ19be notranslate\" data-wiz-uids=\"SaFegc_11\" data-processed=\"true\"><span class=\"vKEkVd\" data-animation-atomic=\"\" data-wiz-attrbind=\"class=SaFegc_10\/TKHnVd\" data-processed=\"true\">\u00a0<\/span><\/span><\/li>\n<\/ul>\n<div class=\"Y3BBE\" data-sfc-cp=\"\" data-hveid=\"CAQQAA\" data-processed=\"true\"><strong class=\"Yjhzub\" data-processed=\"true\">C\u00e1ch s\u1eed d\u1ee5ng (th\u00f4ng th\u01b0\u1eddng):<\/strong><\/div>\n<ul class=\"KsbFXc U6u95\" data-processed=\"true\">\n<li data-hveid=\"CAUQAA\" data-processed=\"true\"><span class=\"T286Pc\" data-sfc-cp=\"\" data-processed=\"true\">\u0110\u1ed5 v\u00e0o ng\u0103n ch\u1ee9a n\u01b0\u1edbc x\u1ea3 c\u1ee7a m\u00e1y gi\u1eb7t ho\u1eb7c pha v\u00e0o n\u01b0\u1edbc x\u1ea3 cu\u1ed1i c\u00f9ng.<\/span><\/li>\n<li data-hveid=\"CAUQAQ\" data-processed=\"true\"><span class=\"T286Pc\" data-sfc-cp=\"\" data-processed=\"true\">D\u00f9ng l\u01b0\u1ee3ng v\u1eeba \u0111\u1ee7 (v\u00ed d\u1ee5 1 n\u1eafp cho 4-5kg qu\u1ea7n \u00e1o).<\/span><\/li>\n<li data-hveid=\"CAUQAg\" data-processed=\"true\"><span class=\"T286Pc\" data-sfc-cp=\"\" data-processed=\"true\">Tr\u00e1nh \u0111\u1ed5 tr\u1ef1c ti\u1ebfp l\u00ean qu\u1ea7n \u00e1o khi ch\u01b0a pha lo\u00e3ng (\u0111\u1ed1i v\u1edbi lo\u1ea1i \u0111\u1eadm \u0111\u1eb7c).<\/span><span class=\"uJ19be notranslate\" data-wiz-uids=\"SaFegc_1i\" data-processed=\"true\"><span class=\"vKEkVd\" data-animation-atomic=\"\" data-wiz-attrbind=\"class=SaFegc_1h\/TKHnVd\" data-processed=\"true\">\u00a0<\/span><\/span><\/li>\n<\/ul>\n<div class=\"Y3BBE\" data-sfc-cp=\"\" data-hveid=\"CAYQAA\" data-processed=\"true\"><strong class=\"Yjhzub\" data-processed=\"true\">L\u01b0u \u00fd:<\/strong><\/div>\n<ul class=\"KsbFXc U6u95\" data-processed=\"true\">\n<li data-hveid=\"CAcQAA\" data-processed=\"true\"><span class=\"T286Pc\" data-sfc-cp=\"\" data-processed=\"true\">B\u1ea3o qu\u1ea3n n\u01a1i kh\u00f4 r\u00e1o, tho\u00e1ng m\u00e1t, tr\u00e1nh \u00e1nh n\u1eafng tr\u1ef1c ti\u1ebfp.<\/span><\/li>\n<li data-hveid=\"CAcQAQ\" data-processed=\"true\"><span class=\"T286Pc\" data-sfc-cp=\"\" data-processed=\"true\">\u0110\u1ec3 xa t\u1ea7m tay tr\u1ebb em, tr\u00e1nh d\u00ednh v\u00e0o m\u1eaft.<\/span><span class=\"uJ19be notranslate\" data-wiz-uids=\"SaFegc_1u\" data-processed=\"true\"><span class=\"vKEkVd\" data-animation-atomic=\"\" data-wiz-attrbind=\"class=SaFegc_1t\/TKHnVd\" data-processed=\"true\">\u00a0<button class=\"rBl3me\" tabindex=\"0\" data-amic=\"true\" data-icl-uuid=\"2caec15b-e169-42f4-aad4-0be7e8a9c5cb\" aria-label=\"View related links\" data-wiz-attrbind=\"disabled=SaFegc_1t\/C5gNJc;aria-label=SaFegc_1t\/bOjMyf;class=SaFegc_1t\/UpSNec\" data-ved=\"2ahUKEwiQ7Z--oY2SAxXqZPUHHSVMIncQye0OegQIBxAC\" data-processed=\"true\"><\/button><\/span><\/span><\/li>\n<\/ul>\n<div class=\"Y3BBE\" data-sfc-cp=\"\" data-hveid=\"CAgQAA\" data-processed=\"true\">S\u1ea3n ph\u1ea9m n\u00e0y ph\u00f9 h\u1ee3p v\u1edbi m\u1ecdi lo\u1ea1i v\u1ea3i, mang l\u1ea1i tr\u1ea3i nghi\u1ec7m gi\u1eb7t gi\u0169 th\u01b0 th\u00e1i v\u00e0 qu\u1ea7n \u00e1o lu\u00f4n th\u01a1m tho, m\u1ec1m m\u1ea1i.<\/div>\n","protected":false},"excerpt":{"rendered":"<p>N\u01b0\u1edbc x\u1ea3 v\u1ea3i h\u01b0\u01a1ng hoa c\u1ecf l\u00e0 s\u1ea3n ph\u1ea9m gi\u00fap qu\u1ea7n \u00e1o m\u1ec1m m\u1ea1i, th\u01a1m m\u00e1t v\u1edbi h\u01b0\u01a1ng th\u01a1m t\u1ef1 nhi\u00ean, t\u01b0\u01a1i m\u1edbi c\u1ee7a hoa c\u1ecf, th\u01b0\u1eddng c\u00f3 c\u00f4ng th\u1ee9c \u0111\u1eadm \u0111\u1eb7c, ch\u1ee9a tinh d\u1ea7u l\u01b0u h\u01b0\u01a1ng gi\u00fap kh\u1eed m\u00f9i h\u00f4i (\u1ea9m m\u1ed1c, m\u1ed3 h\u00f4i) v\u00e0 gi\u1eef m\u00f9i h\u01b0\u01a1ng d\u1ec5 ch\u1ecbu su\u1ed1t ng\u00e0y d\u00e0i, th\u00edch [&hellip;]<\/p>\n","protected":false},"featured_media":95,"comment_status":"open","ping_status":"closed","template":"","meta":[],"product_brand":[],"product_cat":[16],"product_tag":[17],"class_list":{"0":"post-94","1":"product","2":"type-product","3":"status-publish","4":"has-post-thumbnail","6":"product_cat-nuoc-xa-vai","7":"product_tag-nuoc-xa-vai","9":"first","10":"instock","11":"shipping-taxable","12":"purchasable","13":"product-type-simple"},"yoast_head":"<!-- This site is optimized with the Yoast SEO plugin v26.8 - https:\/\/yoast.com\/product\/yoast-seo-wordpress\/ -->\n<title>N\u01b0\u1edbc x\u1ea3 v\u1ea3i Lamior - H\u01b0\u01a1ng hoa c\u1ecf - Lamior<\/title>\n<meta name=\"robots\" content=\"index, follow, max-snippet:-1, max-image-preview:large, max-video-preview:-1\" \/>\n<link rel=\"canonical\" href=\"https:\/\/lamior.site\/index.php\/san-pham\/nuoc-xa-vai-lamior-huong-hoa-co-2\/\" \/>\n<meta property=\"og:locale\" content=\"vi_VN\" \/>\n<meta property=\"og:type\" content=\"article\" \/>\n<meta property=\"og:title\" content=\"N\u01b0\u1edbc x\u1ea3 v\u1ea3i Lamior - H\u01b0\u01a1ng hoa c\u1ecf - Lamior\" \/>\n<meta property=\"og:description\" content=\"N\u01b0\u1edbc x\u1ea3 v\u1ea3i h\u01b0\u01a1ng hoa c\u1ecf l\u00e0 s\u1ea3n ph\u1ea9m gi\u00fap qu\u1ea7n \u00e1o m\u1ec1m m\u1ea1i, th\u01a1m m\u00e1t v\u1edbi h\u01b0\u01a1ng th\u01a1m t\u1ef1 nhi\u00ean, t\u01b0\u01a1i m\u1edbi c\u1ee7a hoa c\u1ecf, th\u01b0\u1eddng c\u00f3 c\u00f4ng th\u1ee9c \u0111\u1eadm \u0111\u1eb7c, ch\u1ee9a tinh d\u1ea7u l\u01b0u h\u01b0\u01a1ng gi\u00fap kh\u1eed m\u00f9i h\u00f4i (\u1ea9m m\u1ed1c, m\u1ed3 h\u00f4i) v\u00e0 gi\u1eef m\u00f9i h\u01b0\u01a1ng d\u1ec5 ch\u1ecbu su\u1ed1t ng\u00e0y d\u00e0i, th\u00edch [&hellip;]\" \/>\n<meta property=\"og:url\" content=\"https:\/\/lamior.site\/index.php\/san-pham\/nuoc-xa-vai-lamior-huong-hoa-co-2\/\" \/>\n<meta property=\"og:site_name\" content=\"Lamior\" \/>\n<meta property=\"article:publisher\" content=\"https:\/\/www.facebook.com\/lequyisme206\" \/>\n<meta property=\"article:modified_time\" content=\"2026-01-15T09:47:38+00:00\" \/>\n<meta property=\"og:image\" content=\"https:\/\/lamior.site\/wp-content\/uploads\/2026\/01\/1.jpg\" \/>\n\t<meta property=\"og:image:width\" content=\"1024\" \/>\n\t<meta property=\"og:image:height\" content=\"1024\" \/>\n\t<meta property=\"og:image:type\" content=\"image\/jpeg\" \/>\n<meta name=\"twitter:card\" content=\"summary_large_image\" \/>\n<meta name=\"twitter:label1\" content=\"\u01af\u1edbc t\u00ednh th\u1eddi gian \u0111\u1ecdc\" \/>\n\t<meta name=\"twitter:data1\" content=\"2 ph\u00fat\" \/>\n<script type=\"application\/ld+json\" class=\"yoast-schema-graph\">{\"@context\":\"https:\/\/schema.org\",\"@graph\":[{\"@type\":\"WebPage\",\"@id\":\"https:\/\/lamior.site\/index.php\/san-pham\/nuoc-xa-vai-lamior-huong-hoa-co-2\/\",\"url\":\"https:\/\/lamior.site\/index.php\/san-pham\/nuoc-xa-vai-lamior-huong-hoa-co-2\/\",\"name\":\"N\u01b0\u1edbc x\u1ea3 v\u1ea3i Lamior - H\u01b0\u01a1ng hoa c\u1ecf - Lamior\",\"isPartOf\":{\"@id\":\"https:\/\/lamior.site\/#website\"},\"primaryImageOfPage\":{\"@id\":\"https:\/\/lamior.site\/index.php\/san-pham\/nuoc-xa-vai-lamior-huong-hoa-co-2\/#primaryimage\"},\"image\":{\"@id\":\"https:\/\/lamior.site\/index.php\/san-pham\/nuoc-xa-vai-lamior-huong-hoa-co-2\/#primaryimage\"},\"thumbnailUrl\":\"https:\/\/lamior.site\/wp-content\/uploads\/2026\/01\/1.jpg\",\"datePublished\":\"2026-01-12T02:54:50+00:00\",\"dateModified\":\"2026-01-15T09:47:38+00:00\",\"breadcrumb\":{\"@id\":\"https:\/\/lamior.site\/index.php\/san-pham\/nuoc-xa-vai-lamior-huong-hoa-co-2\/#breadcrumb\"},\"inLanguage\":\"vi\",\"potentialAction\":[{\"@type\":\"ReadAction\",\"target\":[\"https:\/\/lamior.site\/index.php\/san-pham\/nuoc-xa-vai-lamior-huong-hoa-co-2\/\"]}]},{\"@type\":\"ImageObject\",\"inLanguage\":\"vi\",\"@id\":\"https:\/\/lamior.site\/index.php\/san-pham\/nuoc-xa-vai-lamior-huong-hoa-co-2\/#primaryimage\",\"url\":\"https:\/\/lamior.site\/wp-content\/uploads\/2026\/01\/1.jpg\",\"contentUrl\":\"https:\/\/lamior.site\/wp-content\/uploads\/2026\/01\/1.jpg\",\"width\":1024,\"height\":1024},{\"@type\":\"BreadcrumbList\",\"@id\":\"https:\/\/lamior.site\/index.php\/san-pham\/nuoc-xa-vai-lamior-huong-hoa-co-2\/#breadcrumb\",\"itemListElement\":[{\"@type\":\"ListItem\",\"position\":1,\"name\":\"Trang ch\u1ee7\",\"item\":\"https:\/\/lamior.site\/\"},{\"@type\":\"ListItem\",\"position\":2,\"name\":\"C\u1eeda h\u00e0ng\",\"item\":\"https:\/\/lamior.site\/index.php\/cua-hang\/\"},{\"@type\":\"ListItem\",\"position\":3,\"name\":\"N\u01b0\u1edbc x\u1ea3 v\u1ea3i Lamior &#8211; H\u01b0\u01a1ng hoa c\u1ecf\"}]},{\"@type\":\"WebSite\",\"@id\":\"https:\/\/lamior.site\/#website\",\"url\":\"https:\/\/lamior.site\/\",\"name\":\"Lamior\",\"description\":\"Ch\u1ea1m V\u00e0o Thi\u00ean Nhi\u00ean, N\u00e2ng Niu S\u1ee3i V\u1ea3i\",\"publisher\":{\"@id\":\"https:\/\/lamior.site\/#organization\"},\"potentialAction\":[{\"@type\":\"SearchAction\",\"target\":{\"@type\":\"EntryPoint\",\"urlTemplate\":\"https:\/\/lamior.site\/?s={search_term_string}\"},\"query-input\":{\"@type\":\"PropertyValueSpecification\",\"valueRequired\":true,\"valueName\":\"search_term_string\"}}],\"inLanguage\":\"vi\"},{\"@type\":\"Organization\",\"@id\":\"https:\/\/lamior.site\/#organization\",\"name\":\"Lamior\",\"url\":\"https:\/\/lamior.site\/\",\"logo\":{\"@type\":\"ImageObject\",\"inLanguage\":\"vi\",\"@id\":\"https:\/\/lamior.site\/#\/schema\/logo\/image\/\",\"url\":\"https:\/\/lamior.site\/wp-content\/uploads\/2026\/01\/logo.jpg\",\"contentUrl\":\"https:\/\/lamior.site\/wp-content\/uploads\/2026\/01\/logo.jpg\",\"width\":1024,\"height\":1024,\"caption\":\"Lamior\"},\"image\":{\"@id\":\"https:\/\/lamior.site\/#\/schema\/logo\/image\/\"},\"sameAs\":[\"https:\/\/www.facebook.com\/lequyisme206\"]}]}<\/script>\n<!-- \/ Yoast SEO plugin. -->","yoast_head_json":{"title":"N\u01b0\u1edbc x\u1ea3 v\u1ea3i Lamior - H\u01b0\u01a1ng hoa c\u1ecf - Lamior","robots":{"index":"index","follow":"follow","max-snippet":"max-snippet:-1","max-image-preview":"max-image-preview:large","max-video-preview":"max-video-preview:-1"},"canonical":"https:\/\/lamior.site\/index.php\/san-pham\/nuoc-xa-vai-lamior-huong-hoa-co-2\/","og_locale":"vi_VN","og_type":"article","og_title":"N\u01b0\u1edbc x\u1ea3 v\u1ea3i Lamior - H\u01b0\u01a1ng hoa c\u1ecf - Lamior","og_description":"N\u01b0\u1edbc x\u1ea3 v\u1ea3i h\u01b0\u01a1ng hoa c\u1ecf l\u00e0 s\u1ea3n ph\u1ea9m gi\u00fap qu\u1ea7n \u00e1o m\u1ec1m m\u1ea1i, th\u01a1m m\u00e1t v\u1edbi h\u01b0\u01a1ng th\u01a1m t\u1ef1 nhi\u00ean, t\u01b0\u01a1i m\u1edbi c\u1ee7a hoa c\u1ecf, th\u01b0\u1eddng c\u00f3 c\u00f4ng th\u1ee9c \u0111\u1eadm \u0111\u1eb7c, ch\u1ee9a tinh d\u1ea7u l\u01b0u h\u01b0\u01a1ng gi\u00fap kh\u1eed m\u00f9i h\u00f4i (\u1ea9m m\u1ed1c, m\u1ed3 h\u00f4i) v\u00e0 gi\u1eef m\u00f9i h\u01b0\u01a1ng d\u1ec5 ch\u1ecbu su\u1ed1t ng\u00e0y d\u00e0i, th\u00edch [&hellip;]","og_url":"https:\/\/lamior.site\/index.php\/san-pham\/nuoc-xa-vai-lamior-huong-hoa-co-2\/","og_site_name":"Lamior","article_publisher":"https:\/\/www.facebook.com\/lequyisme206","article_modified_time":"2026-01-15T09:47:38+00:00","og_image":[{"width":1024,"height":1024,"url":"https:\/\/lamior.site\/wp-content\/uploads\/2026\/01\/1.jpg","type":"image\/jpeg"}],"twitter_card":"summary_large_image","twitter_misc":{"\u01af\u1edbc t\u00ednh th\u1eddi gian \u0111\u1ecdc":"2 ph\u00fat"},"schema":{"@context":"https:\/\/schema.org","@graph":[{"@type":"WebPage","@id":"https:\/\/lamior.site\/index.php\/san-pham\/nuoc-xa-vai-lamior-huong-hoa-co-2\/","url":"https:\/\/lamior.site\/index.php\/san-pham\/nuoc-xa-vai-lamior-huong-hoa-co-2\/","name":"N\u01b0\u1edbc x\u1ea3 v\u1ea3i Lamior - H\u01b0\u01a1ng hoa c\u1ecf - Lamior","isPartOf":{"@id":"https:\/\/lamior.site\/#website"},"primaryImageOfPage":{"@id":"https:\/\/lamior.site\/index.php\/san-pham\/nuoc-xa-vai-lamior-huong-hoa-co-2\/#primaryimage"},"image":{"@id":"https:\/\/lamior.site\/index.php\/san-pham\/nuoc-xa-vai-lamior-huong-hoa-co-2\/#primaryimage"},"thumbnailUrl":"https:\/\/lamior.site\/wp-content\/uploads\/2026\/01\/1.jpg","datePublished":"2026-01-12T02:54:50+00:00","dateModified":"2026-01-15T09:47:38+00:00","breadcrumb":{"@id":"https:\/\/lamior.site\/index.php\/san-pham\/nuoc-xa-vai-lamior-huong-hoa-co-2\/#breadcrumb"},"inLanguage":"vi","potentialAction":[{"@type":"ReadAction","target":["https:\/\/lamior.site\/index.php\/san-pham\/nuoc-xa-vai-lamior-huong-hoa-co-2\/"]}]},{"@type":"ImageObject","inLanguage":"vi","@id":"https:\/\/lamior.site\/index.php\/san-pham\/nuoc-xa-vai-lamior-huong-hoa-co-2\/#primaryimage","url":"https:\/\/lamior.site\/wp-content\/uploads\/2026\/01\/1.jpg","contentUrl":"https:\/\/lamior.site\/wp-content\/uploads\/2026\/01\/1.jpg","width":1024,"height":1024},{"@type":"BreadcrumbList","@id":"https:\/\/lamior.site\/index.php\/san-pham\/nuoc-xa-vai-lamior-huong-hoa-co-2\/#breadcrumb","itemListElement":[{"@type":"ListItem","position":1,"name":"Trang ch\u1ee7","item":"https:\/\/lamior.site\/"},{"@type":"ListItem","position":2,"name":"C\u1eeda h\u00e0ng","item":"https:\/\/lamior.site\/index.php\/cua-hang\/"},{"@type":"ListItem","position":3,"name":"N\u01b0\u1edbc x\u1ea3 v\u1ea3i Lamior &#8211; H\u01b0\u01a1ng hoa c\u1ecf"}]},{"@type":"WebSite","@id":"https:\/\/lamior.site\/#website","url":"https:\/\/lamior.site\/","name":"Lamior","description":"Ch\u1ea1m V\u00e0o Thi\u00ean Nhi\u00ean, N\u00e2ng Niu S\u1ee3i V\u1ea3i","publisher":{"@id":"https:\/\/lamior.site\/#organization"},"potentialAction":[{"@type":"SearchAction","target":{"@type":"EntryPoint","urlTemplate":"https:\/\/lamior.site\/?s={search_term_string}"},"query-input":{"@type":"PropertyValueSpecification","valueRequired":true,"valueName":"search_term_string"}}],"inLanguage":"vi"},{"@type":"Organization","@id":"https:\/\/lamior.site\/#organization","name":"Lamior","url":"https:\/\/lamior.site\/","logo":{"@type":"ImageObject","inLanguage":"vi","@id":"https:\/\/lamior.site\/#\/schema\/logo\/image\/","url":"https:\/\/lamior.site\/wp-content\/uploads\/2026\/01\/logo.jpg","contentUrl":"https:\/\/lamior.site\/wp-content\/uploads\/2026\/01\/logo.jpg","width":1024,"height":1024,"caption":"Lamior"},"image":{"@id":"https:\/\/lamior.site\/#\/schema\/logo\/image\/"},"sameAs":["https:\/\/www.facebook.com\/lequyisme206"]}]}},"jetpack_sharing_enabled":true,"_links":{"self":[{"href":"https:\/\/lamior.site\/index.php\/wp-json\/wp\/v2\/product\/94","targetHints":{"allow":["GET"]}}],"collection":[{"href":"https:\/\/lamior.site\/index.php\/wp-json\/wp\/v2\/product"}],"about":[{"href":"https:\/\/lamior.site\/index.php\/wp-json\/wp\/v2\/types\/product"}],"replies":[{"embeddable":true,"href":"https:\/\/lamior.site\/index.php\/wp-json\/wp\/v2\/comments?post=94"}],"wp:featuredmedia":[{"embeddable":true,"href":"https:\/\/lamior.site\/index.php\/wp-json\/wp\/v2\/media\/95"}],"wp:attachment":[{"href":"https:\/\/lamior.site\/index.php\/wp-json\/wp\/v2\/media?parent=94"}],"wp:term":[{"taxonomy":"product_brand","embeddable":true,"href":"https:\/\/lamior.site\/index.php\/wp-json\/wp\/v2\/product_brand?post=94"},{"taxonomy":"product_cat","embeddable":true,"href":"https:\/\/lamior.site\/index.php\/wp-json\/wp\/v2\/product_cat?post=94"},{"taxonomy":"product_tag","embeddable":true,"href":"https:\/\/lamior.site\/index.php\/wp-json\/wp\/v2\/product_tag?post=94"}],"curies":[{"name":"wp","href":"https:\/\/api.w.org\/{rel}","templated":true}]}}