{"id":186,"date":"2026-01-11T03:22:26","date_gmt":"2026-01-11T03:22:26","guid":{"rendered":"https:\/\/lamior.site\/?post_type=product&#038;p=186"},"modified":"2026-01-11T04:07:20","modified_gmt":"2026-01-11T04:07:20","slug":"nuoc-xa-vai-lamior-huong-trai-cay-trang-hoa-moc-lan","status":"publish","type":"product","link":"https:\/\/lamior.site\/index.php\/san-pham\/nuoc-xa-vai-lamior-huong-trai-cay-trang-hoa-moc-lan\/","title":{"rendered":"N\u01b0\u1edbc x\u1ea3 v\u1ea3i Lamior &#8211; H\u01b0\u01a1ng Tr\u00e1i c\u00e2y tr\u1eafng &#038; Hoa m\u1ed9c lan"},"content":{"rendered":"<p>N\u01b0\u1edbc x\u1ea3 v\u1ea3i Lamior \u2013 Th\u01a1m l\u00e2u &amp; M\u1ec1m m\u1ea1i t\u1ef1 nhi\u00ean<\/p>\n<p>M\u00f4 t\u1ea3 s\u1ea3n ph\u1ea9m:<\/p>\n<p>N\u01b0\u1edbc x\u1ea3 v\u1ea3i Lamior\u00a0ch\u0103m s\u00f3c qu\u1ea7n \u00e1o t\u1eeb s\u00e2u b\u00ean trong, gi\u00fap s\u1ee3i v\u1ea3i m\u1ec1m m\u1ea1i, d\u1ec5 ch\u1ecbu khi ch\u1ea1m, \u0111\u1ed3ng th\u1eddi \u0111\u1ec3 l\u1ea1i h\u01b0\u01a1ng th\u01a1m tinh t\u1ebf k\u00e9o d\u00e0i su\u1ed1t c\u1ea3 ng\u00e0y. C\u00f4ng th\u1ee9c \u0111\u1eadm \u0111\u1eb7c v\u00e0 d\u1ecbu nh\u1eb9, ph\u00f9 h\u1ee3p s\u1eed d\u1ee5ng cho c\u1ea3 m\u00e1y gi\u1eb7t v\u00e0 gi\u1eb7t tay \u2013 mang \u0111\u1ebfn c\u1ea3m gi\u00e1c s\u1ea1ch th\u01a1m v\u00e0 d\u1ec5 ch\u1ecbu m\u1ed7i l\u1ea7n m\u1eb7c.<\/p>\n<p>C\u00f4ng d\u1ee5ng ch\u00ednh:<\/p>\n<p>\u2714 L\u00e0m m\u1ec1m s\u1ee3i v\u1ea3i<br data-start=\"1311\" data-end=\"1314\" \/>\u2714 Gi\u1ea3m t\u0129nh \u0111i\u1ec7n sau khi gi\u1eb7t<br data-start=\"1343\" data-end=\"1346\" \/>\u2714 T\u1ea1o h\u01b0\u01a1ng th\u01a1m d\u1ec5 ch\u1ecbu su\u1ed1t ng\u00e0y<br data-start=\"1380\" data-end=\"1383\" \/>\u2714 Gi\u1ea3m n\u1ebfp nh\u0103n v\u00e0 gi\u1eef qu\u1ea7n \u00e1o b\u1ec1n m\u00e0u<br data-start=\"1421\" data-end=\"1424\" \/>\u2714 Ph\u00f9 h\u1ee3p v\u1edbi m\u1ecdi ch\u1ea5t li\u1ec7u v\u1ea3i<\/p>\n","protected":false},"excerpt":{"rendered":"<p>N\u01b0\u1edbc x\u1ea3 v\u1ea3i Lamior \u2013 Th\u01a1m l\u00e2u &amp; M\u1ec1m m\u1ea1i t\u1ef1 nhi\u00ean M\u00f4 t\u1ea3 s\u1ea3n ph\u1ea9m: N\u01b0\u1edbc x\u1ea3 v\u1ea3i Lamior\u00a0ch\u0103m s\u00f3c qu\u1ea7n \u00e1o t\u1eeb s\u00e2u b\u00ean trong, gi\u00fap s\u1ee3i v\u1ea3i m\u1ec1m m\u1ea1i, d\u1ec5 ch\u1ecbu khi ch\u1ea1m, \u0111\u1ed3ng th\u1eddi \u0111\u1ec3 l\u1ea1i h\u01b0\u01a1ng th\u01a1m tinh t\u1ebf k\u00e9o d\u00e0i su\u1ed1t c\u1ea3 ng\u00e0y. C\u00f4ng th\u1ee9c \u0111\u1eadm \u0111\u1eb7c v\u00e0 d\u1ecbu [&hellip;]<\/p>\n","protected":false},"featured_media":188,"comment_status":"open","ping_status":"closed","template":"","meta":[],"product_brand":[19],"product_cat":[16],"product_tag":[17],"class_list":{"0":"post-186","1":"product","2":"type-product","3":"status-publish","4":"has-post-thumbnail","6":"product_brand-lamior","7":"product_cat-nuoc-xa-vai","8":"product_tag-nuoc-xa-vai","10":"first","11":"instock","12":"sale","13":"shipping-taxable","14":"purchasable","15":"product-type-simple"},"yoast_head":"<!-- This site is optimized with the Yoast SEO plugin v26.8 - https:\/\/yoast.com\/product\/yoast-seo-wordpress\/ -->\n<title>N\u01b0\u1edbc x\u1ea3 v\u1ea3i Lamior - H\u01b0\u01a1ng Tr\u00e1i c\u00e2y tr\u1eafng &amp; Hoa m\u1ed9c lan - Lamior<\/title>\n<meta name=\"robots\" content=\"index, follow, max-snippet:-1, max-image-preview:large, max-video-preview:-1\" \/>\n<link rel=\"canonical\" href=\"https:\/\/lamior.site\/index.php\/san-pham\/nuoc-xa-vai-lamior-huong-trai-cay-trang-hoa-moc-lan\/\" \/>\n<meta property=\"og:locale\" content=\"vi_VN\" \/>\n<meta property=\"og:type\" content=\"article\" \/>\n<meta property=\"og:title\" content=\"N\u01b0\u1edbc x\u1ea3 v\u1ea3i Lamior - H\u01b0\u01a1ng Tr\u00e1i c\u00e2y tr\u1eafng &amp; Hoa m\u1ed9c lan - Lamior\" \/>\n<meta property=\"og:description\" content=\"N\u01b0\u1edbc x\u1ea3 v\u1ea3i Lamior \u2013 Th\u01a1m l\u00e2u &amp; M\u1ec1m m\u1ea1i t\u1ef1 nhi\u00ean M\u00f4 t\u1ea3 s\u1ea3n ph\u1ea9m: N\u01b0\u1edbc x\u1ea3 v\u1ea3i Lamior\u00a0ch\u0103m s\u00f3c qu\u1ea7n \u00e1o t\u1eeb s\u00e2u b\u00ean trong, gi\u00fap s\u1ee3i v\u1ea3i m\u1ec1m m\u1ea1i, d\u1ec5 ch\u1ecbu khi ch\u1ea1m, \u0111\u1ed3ng th\u1eddi \u0111\u1ec3 l\u1ea1i h\u01b0\u01a1ng th\u01a1m tinh t\u1ebf k\u00e9o d\u00e0i su\u1ed1t c\u1ea3 ng\u00e0y. C\u00f4ng th\u1ee9c \u0111\u1eadm \u0111\u1eb7c v\u00e0 d\u1ecbu [&hellip;]\" \/>\n<meta property=\"og:url\" content=\"https:\/\/lamior.site\/index.php\/san-pham\/nuoc-xa-vai-lamior-huong-trai-cay-trang-hoa-moc-lan\/\" \/>\n<meta property=\"og:site_name\" content=\"Lamior\" \/>\n<meta property=\"article:publisher\" content=\"https:\/\/www.facebook.com\/lequyisme206\" \/>\n<meta property=\"article:modified_time\" content=\"2026-01-11T04:07:20+00:00\" \/>\n<meta property=\"og:image\" content=\"https:\/\/lamior.site\/wp-content\/uploads\/2026\/01\/Xanh-Hien-Dai-Don-Gian-Khung-Sale-Deal-Uu-Dai-San-Pham-Instagram-Post-6.png\" \/>\n\t<meta property=\"og:image:width\" content=\"1080\" \/>\n\t<meta property=\"og:image:height\" content=\"1080\" \/>\n\t<meta property=\"og:image:type\" content=\"image\/png\" \/>\n<meta name=\"twitter:card\" content=\"summary_large_image\" \/>\n<meta name=\"twitter:label1\" content=\"\u01af\u1edbc t\u00ednh th\u1eddi gian \u0111\u1ecdc\" \/>\n\t<meta name=\"twitter:data1\" content=\"1 ph\u00fat\" \/>\n<script type=\"application\/ld+json\" class=\"yoast-schema-graph\">{\"@context\":\"https:\/\/schema.org\",\"@graph\":[{\"@type\":\"WebPage\",\"@id\":\"https:\/\/lamior.site\/index.php\/san-pham\/nuoc-xa-vai-lamior-huong-trai-cay-trang-hoa-moc-lan\/\",\"url\":\"https:\/\/lamior.site\/index.php\/san-pham\/nuoc-xa-vai-lamior-huong-trai-cay-trang-hoa-moc-lan\/\",\"name\":\"N\u01b0\u1edbc x\u1ea3 v\u1ea3i Lamior - H\u01b0\u01a1ng Tr\u00e1i c\u00e2y tr\u1eafng & Hoa m\u1ed9c lan - Lamior\",\"isPartOf\":{\"@id\":\"https:\/\/lamior.site\/#website\"},\"primaryImageOfPage\":{\"@id\":\"https:\/\/lamior.site\/index.php\/san-pham\/nuoc-xa-vai-lamior-huong-trai-cay-trang-hoa-moc-lan\/#primaryimage\"},\"image\":{\"@id\":\"https:\/\/lamior.site\/index.php\/san-pham\/nuoc-xa-vai-lamior-huong-trai-cay-trang-hoa-moc-lan\/#primaryimage\"},\"thumbnailUrl\":\"https:\/\/lamior.site\/wp-content\/uploads\/2026\/01\/Xanh-Hien-Dai-Don-Gian-Khung-Sale-Deal-Uu-Dai-San-Pham-Instagram-Post-6.png\",\"datePublished\":\"2026-01-11T03:22:26+00:00\",\"dateModified\":\"2026-01-11T04:07:20+00:00\",\"breadcrumb\":{\"@id\":\"https:\/\/lamior.site\/index.php\/san-pham\/nuoc-xa-vai-lamior-huong-trai-cay-trang-hoa-moc-lan\/#breadcrumb\"},\"inLanguage\":\"vi\",\"potentialAction\":[{\"@type\":\"ReadAction\",\"target\":[\"https:\/\/lamior.site\/index.php\/san-pham\/nuoc-xa-vai-lamior-huong-trai-cay-trang-hoa-moc-lan\/\"]}]},{\"@type\":\"ImageObject\",\"inLanguage\":\"vi\",\"@id\":\"https:\/\/lamior.site\/index.php\/san-pham\/nuoc-xa-vai-lamior-huong-trai-cay-trang-hoa-moc-lan\/#primaryimage\",\"url\":\"https:\/\/lamior.site\/wp-content\/uploads\/2026\/01\/Xanh-Hien-Dai-Don-Gian-Khung-Sale-Deal-Uu-Dai-San-Pham-Instagram-Post-6.png\",\"contentUrl\":\"https:\/\/lamior.site\/wp-content\/uploads\/2026\/01\/Xanh-Hien-Dai-Don-Gian-Khung-Sale-Deal-Uu-Dai-San-Pham-Instagram-Post-6.png\",\"width\":1080,\"height\":1080},{\"@type\":\"BreadcrumbList\",\"@id\":\"https:\/\/lamior.site\/index.php\/san-pham\/nuoc-xa-vai-lamior-huong-trai-cay-trang-hoa-moc-lan\/#breadcrumb\",\"itemListElement\":[{\"@type\":\"ListItem\",\"position\":1,\"name\":\"Trang ch\u1ee7\",\"item\":\"https:\/\/lamior.site\/\"},{\"@type\":\"ListItem\",\"position\":2,\"name\":\"C\u1eeda h\u00e0ng\",\"item\":\"https:\/\/lamior.site\/index.php\/cua-hang\/\"},{\"@type\":\"ListItem\",\"position\":3,\"name\":\"N\u01b0\u1edbc x\u1ea3 v\u1ea3i Lamior &#8211; H\u01b0\u01a1ng Tr\u00e1i c\u00e2y tr\u1eafng &#038; Hoa m\u1ed9c lan\"}]},{\"@type\":\"WebSite\",\"@id\":\"https:\/\/lamior.site\/#website\",\"url\":\"https:\/\/lamior.site\/\",\"name\":\"Lamior\",\"description\":\"Ch\u1ea1m V\u00e0o Thi\u00ean Nhi\u00ean, N\u00e2ng Niu S\u1ee3i V\u1ea3i\",\"publisher\":{\"@id\":\"https:\/\/lamior.site\/#organization\"},\"potentialAction\":[{\"@type\":\"SearchAction\",\"target\":{\"@type\":\"EntryPoint\",\"urlTemplate\":\"https:\/\/lamior.site\/?s={search_term_string}\"},\"query-input\":{\"@type\":\"PropertyValueSpecification\",\"valueRequired\":true,\"valueName\":\"search_term_string\"}}],\"inLanguage\":\"vi\"},{\"@type\":\"Organization\",\"@id\":\"https:\/\/lamior.site\/#organization\",\"name\":\"Lamior\",\"url\":\"https:\/\/lamior.site\/\",\"logo\":{\"@type\":\"ImageObject\",\"inLanguage\":\"vi\",\"@id\":\"https:\/\/lamior.site\/#\/schema\/logo\/image\/\",\"url\":\"https:\/\/lamior.site\/wp-content\/uploads\/2026\/01\/logo.jpg\",\"contentUrl\":\"https:\/\/lamior.site\/wp-content\/uploads\/2026\/01\/logo.jpg\",\"width\":1024,\"height\":1024,\"caption\":\"Lamior\"},\"image\":{\"@id\":\"https:\/\/lamior.site\/#\/schema\/logo\/image\/\"},\"sameAs\":[\"https:\/\/www.facebook.com\/lequyisme206\"]}]}<\/script>\n<!-- \/ Yoast SEO plugin. -->","yoast_head_json":{"title":"N\u01b0\u1edbc x\u1ea3 v\u1ea3i Lamior - H\u01b0\u01a1ng Tr\u00e1i c\u00e2y tr\u1eafng & Hoa m\u1ed9c lan - Lamior","robots":{"index":"index","follow":"follow","max-snippet":"max-snippet:-1","max-image-preview":"max-image-preview:large","max-video-preview":"max-video-preview:-1"},"canonical":"https:\/\/lamior.site\/index.php\/san-pham\/nuoc-xa-vai-lamior-huong-trai-cay-trang-hoa-moc-lan\/","og_locale":"vi_VN","og_type":"article","og_title":"N\u01b0\u1edbc x\u1ea3 v\u1ea3i Lamior - H\u01b0\u01a1ng Tr\u00e1i c\u00e2y tr\u1eafng & Hoa m\u1ed9c lan - Lamior","og_description":"N\u01b0\u1edbc x\u1ea3 v\u1ea3i Lamior \u2013 Th\u01a1m l\u00e2u &amp; M\u1ec1m m\u1ea1i t\u1ef1 nhi\u00ean M\u00f4 t\u1ea3 s\u1ea3n ph\u1ea9m: N\u01b0\u1edbc x\u1ea3 v\u1ea3i Lamior\u00a0ch\u0103m s\u00f3c qu\u1ea7n \u00e1o t\u1eeb s\u00e2u b\u00ean trong, gi\u00fap s\u1ee3i v\u1ea3i m\u1ec1m m\u1ea1i, d\u1ec5 ch\u1ecbu khi ch\u1ea1m, \u0111\u1ed3ng th\u1eddi \u0111\u1ec3 l\u1ea1i h\u01b0\u01a1ng th\u01a1m tinh t\u1ebf k\u00e9o d\u00e0i su\u1ed1t c\u1ea3 ng\u00e0y. C\u00f4ng th\u1ee9c \u0111\u1eadm \u0111\u1eb7c v\u00e0 d\u1ecbu [&hellip;]","og_url":"https:\/\/lamior.site\/index.php\/san-pham\/nuoc-xa-vai-lamior-huong-trai-cay-trang-hoa-moc-lan\/","og_site_name":"Lamior","article_publisher":"https:\/\/www.facebook.com\/lequyisme206","article_modified_time":"2026-01-11T04:07:20+00:00","og_image":[{"width":1080,"height":1080,"url":"https:\/\/lamior.site\/wp-content\/uploads\/2026\/01\/Xanh-Hien-Dai-Don-Gian-Khung-Sale-Deal-Uu-Dai-San-Pham-Instagram-Post-6.png","type":"image\/png"}],"twitter_card":"summary_large_image","twitter_misc":{"\u01af\u1edbc t\u00ednh th\u1eddi gian \u0111\u1ecdc":"1 ph\u00fat"},"schema":{"@context":"https:\/\/schema.org","@graph":[{"@type":"WebPage","@id":"https:\/\/lamior.site\/index.php\/san-pham\/nuoc-xa-vai-lamior-huong-trai-cay-trang-hoa-moc-lan\/","url":"https:\/\/lamior.site\/index.php\/san-pham\/nuoc-xa-vai-lamior-huong-trai-cay-trang-hoa-moc-lan\/","name":"N\u01b0\u1edbc x\u1ea3 v\u1ea3i Lamior - H\u01b0\u01a1ng Tr\u00e1i c\u00e2y tr\u1eafng & Hoa m\u1ed9c lan - Lamior","isPartOf":{"@id":"https:\/\/lamior.site\/#website"},"primaryImageOfPage":{"@id":"https:\/\/lamior.site\/index.php\/san-pham\/nuoc-xa-vai-lamior-huong-trai-cay-trang-hoa-moc-lan\/#primaryimage"},"image":{"@id":"https:\/\/lamior.site\/index.php\/san-pham\/nuoc-xa-vai-lamior-huong-trai-cay-trang-hoa-moc-lan\/#primaryimage"},"thumbnailUrl":"https:\/\/lamior.site\/wp-content\/uploads\/2026\/01\/Xanh-Hien-Dai-Don-Gian-Khung-Sale-Deal-Uu-Dai-San-Pham-Instagram-Post-6.png","datePublished":"2026-01-11T03:22:26+00:00","dateModified":"2026-01-11T04:07:20+00:00","breadcrumb":{"@id":"https:\/\/lamior.site\/index.php\/san-pham\/nuoc-xa-vai-lamior-huong-trai-cay-trang-hoa-moc-lan\/#breadcrumb"},"inLanguage":"vi","potentialAction":[{"@type":"ReadAction","target":["https:\/\/lamior.site\/index.php\/san-pham\/nuoc-xa-vai-lamior-huong-trai-cay-trang-hoa-moc-lan\/"]}]},{"@type":"ImageObject","inLanguage":"vi","@id":"https:\/\/lamior.site\/index.php\/san-pham\/nuoc-xa-vai-lamior-huong-trai-cay-trang-hoa-moc-lan\/#primaryimage","url":"https:\/\/lamior.site\/wp-content\/uploads\/2026\/01\/Xanh-Hien-Dai-Don-Gian-Khung-Sale-Deal-Uu-Dai-San-Pham-Instagram-Post-6.png","contentUrl":"https:\/\/lamior.site\/wp-content\/uploads\/2026\/01\/Xanh-Hien-Dai-Don-Gian-Khung-Sale-Deal-Uu-Dai-San-Pham-Instagram-Post-6.png","width":1080,"height":1080},{"@type":"BreadcrumbList","@id":"https:\/\/lamior.site\/index.php\/san-pham\/nuoc-xa-vai-lamior-huong-trai-cay-trang-hoa-moc-lan\/#breadcrumb","itemListElement":[{"@type":"ListItem","position":1,"name":"Trang ch\u1ee7","item":"https:\/\/lamior.site\/"},{"@type":"ListItem","position":2,"name":"C\u1eeda h\u00e0ng","item":"https:\/\/lamior.site\/index.php\/cua-hang\/"},{"@type":"ListItem","position":3,"name":"N\u01b0\u1edbc x\u1ea3 v\u1ea3i Lamior &#8211; H\u01b0\u01a1ng Tr\u00e1i c\u00e2y tr\u1eafng &#038; Hoa m\u1ed9c lan"}]},{"@type":"WebSite","@id":"https:\/\/lamior.site\/#website","url":"https:\/\/lamior.site\/","name":"Lamior","description":"Ch\u1ea1m V\u00e0o Thi\u00ean Nhi\u00ean, N\u00e2ng Niu S\u1ee3i V\u1ea3i","publisher":{"@id":"https:\/\/lamior.site\/#organization"},"potentialAction":[{"@type":"SearchAction","target":{"@type":"EntryPoint","urlTemplate":"https:\/\/lamior.site\/?s={search_term_string}"},"query-input":{"@type":"PropertyValueSpecification","valueRequired":true,"valueName":"search_term_string"}}],"inLanguage":"vi"},{"@type":"Organization","@id":"https:\/\/lamior.site\/#organization","name":"Lamior","url":"https:\/\/lamior.site\/","logo":{"@type":"ImageObject","inLanguage":"vi","@id":"https:\/\/lamior.site\/#\/schema\/logo\/image\/","url":"https:\/\/lamior.site\/wp-content\/uploads\/2026\/01\/logo.jpg","contentUrl":"https:\/\/lamior.site\/wp-content\/uploads\/2026\/01\/logo.jpg","width":1024,"height":1024,"caption":"Lamior"},"image":{"@id":"https:\/\/lamior.site\/#\/schema\/logo\/image\/"},"sameAs":["https:\/\/www.facebook.com\/lequyisme206"]}]}},"jetpack_sharing_enabled":true,"_links":{"self":[{"href":"https:\/\/lamior.site\/index.php\/wp-json\/wp\/v2\/product\/186","targetHints":{"allow":["GET"]}}],"collection":[{"href":"https:\/\/lamior.site\/index.php\/wp-json\/wp\/v2\/product"}],"about":[{"href":"https:\/\/lamior.site\/index.php\/wp-json\/wp\/v2\/types\/product"}],"replies":[{"embeddable":true,"href":"https:\/\/lamior.site\/index.php\/wp-json\/wp\/v2\/comments?post=186"}],"wp:featuredmedia":[{"embeddable":true,"href":"https:\/\/lamior.site\/index.php\/wp-json\/wp\/v2\/media\/188"}],"wp:attachment":[{"href":"https:\/\/lamior.site\/index.php\/wp-json\/wp\/v2\/media?parent=186"}],"wp:term":[{"taxonomy":"product_brand","embeddable":true,"href":"https:\/\/lamior.site\/index.php\/wp-json\/wp\/v2\/product_brand?post=186"},{"taxonomy":"product_cat","embeddable":true,"href":"https:\/\/lamior.site\/index.php\/wp-json\/wp\/v2\/product_cat?post=186"},{"taxonomy":"product_tag","embeddable":true,"href":"https:\/\/lamior.site\/index.php\/wp-json\/wp\/v2\/product_tag?post=186"}],"curies":[{"name":"wp","href":"https:\/\/api.w.org\/{rel}","templated":true}]}}