{"id":138,"date":"2026-01-09T04:20:46","date_gmt":"2026-01-09T04:20:46","guid":{"rendered":"https:\/\/lamior.site\/?post_type=product&#038;p=138"},"modified":"2026-01-09T14:12:08","modified_gmt":"2026-01-09T14:12:08","slug":"nuoc-xa-vai-huong-nang-mai","status":"publish","type":"product","link":"https:\/\/lamior.site\/index.php\/san-pham\/nuoc-xa-vai-huong-nang-mai\/","title":{"rendered":"N\u01b0\u1edbc x\u1ea3 v\u1ea3i h\u01b0\u01a1ng n\u1eafng mai"},"content":{"rendered":"","protected":false},"excerpt":{"rendered":"<p>N\u01b0\u1edbc x\u1ea3 v\u1ea3i h\u01b0\u01a1ng n\u1eafng mai mang m\u00f9i th\u01a1m nh\u1eb9 nh\u00e0ng, t\u01b0\u01a1i m\u1edbi, gi\u00fap qu\u1ea7n \u00e1o m\u1ec1m m\u1ea1i v\u00e0 d\u1ec5 ch\u1ecbu su\u1ed1t ng\u00e0y.<\/p>\n","protected":false},"featured_media":139,"comment_status":"open","ping_status":"closed","template":"","meta":[],"product_brand":[],"product_cat":[16],"product_tag":[17],"class_list":{"0":"post-138","1":"product","2":"type-product","3":"status-publish","4":"has-post-thumbnail","6":"product_cat-nuoc-xa-vai","7":"product_tag-nuoc-xa-vai","9":"first","10":"instock","11":"sale","12":"shipping-taxable","13":"purchasable","14":"product-type-simple"},"yoast_head":"<!-- This site is optimized with the Yoast SEO plugin v26.8 - https:\/\/yoast.com\/product\/yoast-seo-wordpress\/ -->\n<title>N\u01b0\u1edbc x\u1ea3 v\u1ea3i h\u01b0\u01a1ng n\u1eafng mai - Lamior<\/title>\n<meta name=\"robots\" content=\"index, follow, max-snippet:-1, max-image-preview:large, max-video-preview:-1\" \/>\n<link rel=\"canonical\" href=\"https:\/\/lamior.site\/index.php\/san-pham\/nuoc-xa-vai-huong-nang-mai\/\" \/>\n<meta property=\"og:locale\" content=\"vi_VN\" \/>\n<meta property=\"og:type\" content=\"article\" \/>\n<meta property=\"og:title\" content=\"N\u01b0\u1edbc x\u1ea3 v\u1ea3i h\u01b0\u01a1ng n\u1eafng mai - Lamior\" \/>\n<meta property=\"og:description\" content=\"N\u01b0\u1edbc x\u1ea3 v\u1ea3i h\u01b0\u01a1ng n\u1eafng mai mang m\u00f9i th\u01a1m nh\u1eb9 nh\u00e0ng, t\u01b0\u01a1i m\u1edbi, gi\u00fap qu\u1ea7n \u00e1o m\u1ec1m m\u1ea1i v\u00e0 d\u1ec5 ch\u1ecbu su\u1ed1t ng\u00e0y.\" \/>\n<meta property=\"og:url\" content=\"https:\/\/lamior.site\/index.php\/san-pham\/nuoc-xa-vai-huong-nang-mai\/\" \/>\n<meta property=\"og:site_name\" content=\"Lamior\" \/>\n<meta property=\"article:publisher\" content=\"https:\/\/www.facebook.com\/lequyisme206\" \/>\n<meta property=\"article:modified_time\" content=\"2026-01-09T14:12:08+00:00\" \/>\n<meta property=\"og:image\" content=\"https:\/\/lamior.site\/wp-content\/uploads\/2026\/01\/5-1.jpg\" \/>\n\t<meta property=\"og:image:width\" content=\"1024\" \/>\n\t<meta property=\"og:image:height\" content=\"1024\" \/>\n\t<meta property=\"og:image:type\" content=\"image\/jpeg\" \/>\n<meta name=\"twitter:card\" content=\"summary_large_image\" \/>\n<script type=\"application\/ld+json\" class=\"yoast-schema-graph\">{\"@context\":\"https:\/\/schema.org\",\"@graph\":[{\"@type\":\"WebPage\",\"@id\":\"https:\/\/lamior.site\/index.php\/san-pham\/nuoc-xa-vai-huong-nang-mai\/\",\"url\":\"https:\/\/lamior.site\/index.php\/san-pham\/nuoc-xa-vai-huong-nang-mai\/\",\"name\":\"N\u01b0\u1edbc x\u1ea3 v\u1ea3i h\u01b0\u01a1ng n\u1eafng mai - Lamior\",\"isPartOf\":{\"@id\":\"https:\/\/lamior.site\/#website\"},\"primaryImageOfPage\":{\"@id\":\"https:\/\/lamior.site\/index.php\/san-pham\/nuoc-xa-vai-huong-nang-mai\/#primaryimage\"},\"image\":{\"@id\":\"https:\/\/lamior.site\/index.php\/san-pham\/nuoc-xa-vai-huong-nang-mai\/#primaryimage\"},\"thumbnailUrl\":\"https:\/\/lamior.site\/wp-content\/uploads\/2026\/01\/5-1.jpg\",\"datePublished\":\"2026-01-09T04:20:46+00:00\",\"dateModified\":\"2026-01-09T14:12:08+00:00\",\"breadcrumb\":{\"@id\":\"https:\/\/lamior.site\/index.php\/san-pham\/nuoc-xa-vai-huong-nang-mai\/#breadcrumb\"},\"inLanguage\":\"vi\",\"potentialAction\":[{\"@type\":\"ReadAction\",\"target\":[\"https:\/\/lamior.site\/index.php\/san-pham\/nuoc-xa-vai-huong-nang-mai\/\"]}]},{\"@type\":\"ImageObject\",\"inLanguage\":\"vi\",\"@id\":\"https:\/\/lamior.site\/index.php\/san-pham\/nuoc-xa-vai-huong-nang-mai\/#primaryimage\",\"url\":\"https:\/\/lamior.site\/wp-content\/uploads\/2026\/01\/5-1.jpg\",\"contentUrl\":\"https:\/\/lamior.site\/wp-content\/uploads\/2026\/01\/5-1.jpg\",\"width\":1024,\"height\":1024},{\"@type\":\"BreadcrumbList\",\"@id\":\"https:\/\/lamior.site\/index.php\/san-pham\/nuoc-xa-vai-huong-nang-mai\/#breadcrumb\",\"itemListElement\":[{\"@type\":\"ListItem\",\"position\":1,\"name\":\"Trang ch\u1ee7\",\"item\":\"https:\/\/lamior.site\/\"},{\"@type\":\"ListItem\",\"position\":2,\"name\":\"C\u1eeda h\u00e0ng\",\"item\":\"https:\/\/lamior.site\/index.php\/cua-hang\/\"},{\"@type\":\"ListItem\",\"position\":3,\"name\":\"N\u01b0\u1edbc x\u1ea3 v\u1ea3i h\u01b0\u01a1ng n\u1eafng mai\"}]},{\"@type\":\"WebSite\",\"@id\":\"https:\/\/lamior.site\/#website\",\"url\":\"https:\/\/lamior.site\/\",\"name\":\"Lamior\",\"description\":\"Ch\u1ea1m V\u00e0o Thi\u00ean Nhi\u00ean, N\u00e2ng Niu S\u1ee3i V\u1ea3i\",\"publisher\":{\"@id\":\"https:\/\/lamior.site\/#organization\"},\"potentialAction\":[{\"@type\":\"SearchAction\",\"target\":{\"@type\":\"EntryPoint\",\"urlTemplate\":\"https:\/\/lamior.site\/?s={search_term_string}\"},\"query-input\":{\"@type\":\"PropertyValueSpecification\",\"valueRequired\":true,\"valueName\":\"search_term_string\"}}],\"inLanguage\":\"vi\"},{\"@type\":\"Organization\",\"@id\":\"https:\/\/lamior.site\/#organization\",\"name\":\"Lamior\",\"url\":\"https:\/\/lamior.site\/\",\"logo\":{\"@type\":\"ImageObject\",\"inLanguage\":\"vi\",\"@id\":\"https:\/\/lamior.site\/#\/schema\/logo\/image\/\",\"url\":\"https:\/\/lamior.site\/wp-content\/uploads\/2026\/01\/logo.jpg\",\"contentUrl\":\"https:\/\/lamior.site\/wp-content\/uploads\/2026\/01\/logo.jpg\",\"width\":1024,\"height\":1024,\"caption\":\"Lamior\"},\"image\":{\"@id\":\"https:\/\/lamior.site\/#\/schema\/logo\/image\/\"},\"sameAs\":[\"https:\/\/www.facebook.com\/lequyisme206\"]}]}<\/script>\n<!-- \/ Yoast SEO plugin. -->","yoast_head_json":{"title":"N\u01b0\u1edbc x\u1ea3 v\u1ea3i h\u01b0\u01a1ng n\u1eafng mai - Lamior","robots":{"index":"index","follow":"follow","max-snippet":"max-snippet:-1","max-image-preview":"max-image-preview:large","max-video-preview":"max-video-preview:-1"},"canonical":"https:\/\/lamior.site\/index.php\/san-pham\/nuoc-xa-vai-huong-nang-mai\/","og_locale":"vi_VN","og_type":"article","og_title":"N\u01b0\u1edbc x\u1ea3 v\u1ea3i h\u01b0\u01a1ng n\u1eafng mai - Lamior","og_description":"N\u01b0\u1edbc x\u1ea3 v\u1ea3i h\u01b0\u01a1ng n\u1eafng mai mang m\u00f9i th\u01a1m nh\u1eb9 nh\u00e0ng, t\u01b0\u01a1i m\u1edbi, gi\u00fap qu\u1ea7n \u00e1o m\u1ec1m m\u1ea1i v\u00e0 d\u1ec5 ch\u1ecbu su\u1ed1t ng\u00e0y.","og_url":"https:\/\/lamior.site\/index.php\/san-pham\/nuoc-xa-vai-huong-nang-mai\/","og_site_name":"Lamior","article_publisher":"https:\/\/www.facebook.com\/lequyisme206","article_modified_time":"2026-01-09T14:12:08+00:00","og_image":[{"width":1024,"height":1024,"url":"https:\/\/lamior.site\/wp-content\/uploads\/2026\/01\/5-1.jpg","type":"image\/jpeg"}],"twitter_card":"summary_large_image","schema":{"@context":"https:\/\/schema.org","@graph":[{"@type":"WebPage","@id":"https:\/\/lamior.site\/index.php\/san-pham\/nuoc-xa-vai-huong-nang-mai\/","url":"https:\/\/lamior.site\/index.php\/san-pham\/nuoc-xa-vai-huong-nang-mai\/","name":"N\u01b0\u1edbc x\u1ea3 v\u1ea3i h\u01b0\u01a1ng n\u1eafng mai - Lamior","isPartOf":{"@id":"https:\/\/lamior.site\/#website"},"primaryImageOfPage":{"@id":"https:\/\/lamior.site\/index.php\/san-pham\/nuoc-xa-vai-huong-nang-mai\/#primaryimage"},"image":{"@id":"https:\/\/lamior.site\/index.php\/san-pham\/nuoc-xa-vai-huong-nang-mai\/#primaryimage"},"thumbnailUrl":"https:\/\/lamior.site\/wp-content\/uploads\/2026\/01\/5-1.jpg","datePublished":"2026-01-09T04:20:46+00:00","dateModified":"2026-01-09T14:12:08+00:00","breadcrumb":{"@id":"https:\/\/lamior.site\/index.php\/san-pham\/nuoc-xa-vai-huong-nang-mai\/#breadcrumb"},"inLanguage":"vi","potentialAction":[{"@type":"ReadAction","target":["https:\/\/lamior.site\/index.php\/san-pham\/nuoc-xa-vai-huong-nang-mai\/"]}]},{"@type":"ImageObject","inLanguage":"vi","@id":"https:\/\/lamior.site\/index.php\/san-pham\/nuoc-xa-vai-huong-nang-mai\/#primaryimage","url":"https:\/\/lamior.site\/wp-content\/uploads\/2026\/01\/5-1.jpg","contentUrl":"https:\/\/lamior.site\/wp-content\/uploads\/2026\/01\/5-1.jpg","width":1024,"height":1024},{"@type":"BreadcrumbList","@id":"https:\/\/lamior.site\/index.php\/san-pham\/nuoc-xa-vai-huong-nang-mai\/#breadcrumb","itemListElement":[{"@type":"ListItem","position":1,"name":"Trang ch\u1ee7","item":"https:\/\/lamior.site\/"},{"@type":"ListItem","position":2,"name":"C\u1eeda h\u00e0ng","item":"https:\/\/lamior.site\/index.php\/cua-hang\/"},{"@type":"ListItem","position":3,"name":"N\u01b0\u1edbc x\u1ea3 v\u1ea3i h\u01b0\u01a1ng n\u1eafng mai"}]},{"@type":"WebSite","@id":"https:\/\/lamior.site\/#website","url":"https:\/\/lamior.site\/","name":"Lamior","description":"Ch\u1ea1m V\u00e0o Thi\u00ean Nhi\u00ean, N\u00e2ng Niu S\u1ee3i V\u1ea3i","publisher":{"@id":"https:\/\/lamior.site\/#organization"},"potentialAction":[{"@type":"SearchAction","target":{"@type":"EntryPoint","urlTemplate":"https:\/\/lamior.site\/?s={search_term_string}"},"query-input":{"@type":"PropertyValueSpecification","valueRequired":true,"valueName":"search_term_string"}}],"inLanguage":"vi"},{"@type":"Organization","@id":"https:\/\/lamior.site\/#organization","name":"Lamior","url":"https:\/\/lamior.site\/","logo":{"@type":"ImageObject","inLanguage":"vi","@id":"https:\/\/lamior.site\/#\/schema\/logo\/image\/","url":"https:\/\/lamior.site\/wp-content\/uploads\/2026\/01\/logo.jpg","contentUrl":"https:\/\/lamior.site\/wp-content\/uploads\/2026\/01\/logo.jpg","width":1024,"height":1024,"caption":"Lamior"},"image":{"@id":"https:\/\/lamior.site\/#\/schema\/logo\/image\/"},"sameAs":["https:\/\/www.facebook.com\/lequyisme206"]}]}},"jetpack_sharing_enabled":true,"_links":{"self":[{"href":"https:\/\/lamior.site\/index.php\/wp-json\/wp\/v2\/product\/138","targetHints":{"allow":["GET"]}}],"collection":[{"href":"https:\/\/lamior.site\/index.php\/wp-json\/wp\/v2\/product"}],"about":[{"href":"https:\/\/lamior.site\/index.php\/wp-json\/wp\/v2\/types\/product"}],"replies":[{"embeddable":true,"href":"https:\/\/lamior.site\/index.php\/wp-json\/wp\/v2\/comments?post=138"}],"wp:featuredmedia":[{"embeddable":true,"href":"https:\/\/lamior.site\/index.php\/wp-json\/wp\/v2\/media\/139"}],"wp:attachment":[{"href":"https:\/\/lamior.site\/index.php\/wp-json\/wp\/v2\/media?parent=138"}],"wp:term":[{"taxonomy":"product_brand","embeddable":true,"href":"https:\/\/lamior.site\/index.php\/wp-json\/wp\/v2\/product_brand?post=138"},{"taxonomy":"product_cat","embeddable":true,"href":"https:\/\/lamior.site\/index.php\/wp-json\/wp\/v2\/product_cat?post=138"},{"taxonomy":"product_tag","embeddable":true,"href":"https:\/\/lamior.site\/index.php\/wp-json\/wp\/v2\/product_tag?post=138"}],"curies":[{"name":"wp","href":"https:\/\/api.w.org\/{rel}","templated":true}]}}