{"id":110,"date":"2026-01-09T04:03:49","date_gmt":"2026-01-09T04:03:49","guid":{"rendered":"https:\/\/lamior.site\/?post_type=product&#038;p=110"},"modified":"2026-01-15T10:07:28","modified_gmt":"2026-01-15T10:07:28","slug":"nuoc-xa-vai-huong-vani","status":"publish","type":"product","link":"https:\/\/lamior.site\/index.php\/san-pham\/nuoc-xa-vai-huong-vani\/","title":{"rendered":"N\u01b0\u1edbc x\u1ea3 v\u1ea3i &#8211; H\u01b0\u01a1ng Vani"},"content":{"rendered":"<div class=\"Y3BBE\" data-sfc-cp=\"\" data-hveid=\"CAEQAA\" data-processed=\"true\">N\u01b0\u1edbc x\u1ea3 v\u1ea3i h\u01b0\u01a1ng Vani l\u00e0 s\u1ea3n ph\u1ea9m mang l\u1ea1i m\u00f9i h\u01b0\u01a1ng \u1ea5m \u00e1p, ng\u1ecdt ng\u00e0o, sang tr\u1ecdng v\u00e0 l\u01b0u h\u01b0\u01a1ng l\u00e2u tr\u00ean qu\u1ea7n \u00e1o, th\u01b0\u1eddng k\u1ebft h\u1ee3p v\u1edbi chi\u1ebft xu\u1ea5t th\u1ef1c v\u1eadt ho\u1eb7c tinh d\u1ea7u thi\u00ean nhi\u00ean \u0111\u1ec3 l\u00e0m m\u1ec1m v\u1ea3i, gi\u1eef m\u00e0u, ch\u1ed1ng t\u0129nh \u0111i\u1ec7n, t\u1ea1o c\u1ea3m gi\u00e1c d\u1ec5 ch\u1ecbu, th\u00e2n thu\u1ed9c (nh\u01b0 h\u01b0\u01a1ng m\u1eb9), ph\u00f9 h\u1ee3p cho c\u1ea3 gia \u0111\u00ecnh, \u0111\u1eb7c bi\u1ec7t l\u00e0 l\u00e0n da nh\u1ea1y c\u1ea3m.<span class=\"uJ19be notranslate\" data-wiz-uids=\"h8wy1e_b\" data-processed=\"true\"><span class=\"vKEkVd\" data-animation-atomic=\"\" data-wiz-attrbind=\"class=h8wy1e_a\/TKHnVd\" data-processed=\"true\">\u00a0<\/span><\/span><\/div>\n<div class=\"Y3BBE\" data-sfc-cp=\"\" data-hveid=\"CAIQAA\" data-processed=\"true\"><strong class=\"Yjhzub\" data-processed=\"true\">\u0110\u1eb7c \u0111i\u1ec3m n\u1ed5i b\u1eadt c\u1ee7a n\u01b0\u1edbc x\u1ea3 v\u1ea3i h\u01b0\u01a1ng Vani:<\/strong><\/div>\n<ul class=\"KsbFXc U6u95\" data-processed=\"true\">\n<li data-hveid=\"CAMQAA\" data-processed=\"true\"><span class=\"T286Pc\" data-sfc-cp=\"\" data-processed=\"true\"><strong class=\"Yjhzub\" data-processed=\"true\">M\u00f9i h\u01b0\u01a1ng:<\/strong>\u00a0S\u1ef1 k\u1ebft h\u1ee3p tinh t\u1ebf gi\u1eefa h\u01b0\u01a1ng Vani ng\u1ecdt ng\u00e0o, \u1ea5m \u00e1p (\u0111\u00f4i khi c\u00f9ng hoa b\u00f4ng, hoa phong lan, hoa o\u1ea3i h\u01b0\u01a1ng, ho\u1eb7c Argan) t\u1ea1o c\u1ea3m gi\u00e1c th\u01b0 gi\u00e3n, d\u1ecbu d\u00e0ng v\u00e0 sang tr\u1ecdng, l\u01b0u l\u1ea1i su\u1ed1t nhi\u1ec1u ng\u00e0y.<\/span><\/li>\n<li data-hveid=\"CAMQAQ\" data-processed=\"true\"><span class=\"T286Pc\" data-sfc-cp=\"\" data-processed=\"true\"><strong class=\"Yjhzub\" data-processed=\"true\">Th\u00e0nh ph\u1ea7n:<\/strong>\u00a0Th\u01b0\u1eddng c\u00f3 ngu\u1ed3n g\u1ed1c th\u1ef1c v\u1eadt, ch\u1ee9a chi\u1ebft xu\u1ea5t enzyme t\u1ef1 nhi\u00ean, an to\u00e0n cho da, kh\u00f4ng g\u00e2y k\u00edch \u1ee9ng cho l\u00e0n da nh\u1ea1y c\u1ea3m c\u1ee7a b\u00e9.<\/span><\/li>\n<li data-hveid=\"CAMQAg\" data-processed=\"true\"><span class=\"T286Pc\" data-sfc-cp=\"\" data-processed=\"true\"><strong class=\"Yjhzub\" data-processed=\"true\">C\u00f4ng d\u1ee5ng ch\u00ednh:<\/strong><\/span>\n<ul class=\"KsbFXc U6u95\" data-processed=\"true\">\n<li data-hveid=\"CAMQAw\" data-processed=\"true\"><span class=\"T286Pc\" data-sfc-cp=\"\" data-processed=\"true\"><strong class=\"Yjhzub\" data-processed=\"true\">L\u00e0m m\u1ec1m v\u1ea3i:<\/strong>\u00a0Gi\u00fap qu\u1ea7n \u00e1o m\u1ec1m m\u1ecbn, d\u1ec5 ch\u1ecbu khi ti\u1ebfp x\u00fac.<\/span><\/li>\n<li data-hveid=\"CAMQBA\" data-processed=\"true\"><span class=\"T286Pc\" data-sfc-cp=\"\" data-processed=\"true\"><strong class=\"Yjhzub\" data-processed=\"true\">L\u01b0u h\u01b0\u01a1ng:<\/strong>\u00a0Gi\u1eef m\u00f9i th\u01a1m \u1ea5m \u00e1p tr\u00ean qu\u1ea7n \u00e1o l\u00e2u d\u00e0i.<\/span><\/li>\n<li data-hveid=\"CAMQBQ\" data-processed=\"true\"><span class=\"T286Pc\" data-sfc-cp=\"\" data-processed=\"true\"><strong class=\"Yjhzub\" data-processed=\"true\">B\u1ea3o v\u1ec7 s\u1ee3i v\u1ea3i:<\/strong>\u00a0Ch\u1ed1ng x\u00f9 l\u00f4ng, phai m\u00e0u, gi\u1ea3m t\u0129nh \u0111i\u1ec7n.<\/span><\/li>\n<li data-hveid=\"CAMQBg\" data-processed=\"true\"><span class=\"T286Pc\" data-sfc-cp=\"\" data-processed=\"true\"><strong class=\"Yjhzub\" data-processed=\"true\">Ti\u1ec7n l\u1ee3i:<\/strong>\u00a0M\u1ed9t s\u1ed1 lo\u1ea1i c\u00f3 c\u00f4ng th\u1ee9c \u0111\u1eadm \u0111\u1eb7c, ti\u1ebft ki\u1ec7m th\u1eddi gian gi\u1eb7t (1 l\u1ea7n x\u1ea3).<\/span><\/li>\n<\/ul>\n<\/li>\n<li data-hveid=\"CAMQBw\" data-processed=\"true\"><span class=\"T286Pc\" data-sfc-cp=\"\" data-processed=\"true\"><strong class=\"Yjhzub\" data-processed=\"true\">\u0110\u1ed1i t\u01b0\u1ee3ng s\u1eed d\u1ee5ng:<\/strong>\u00a0Ph\u00f9 h\u1ee3p cho m\u1ecdi th\u00e0nh vi\u00ean trong gia \u0111\u00ecnh, k\u1ec3 c\u1ea3 qu\u1ea7n \u00e1o tr\u1ebb em.<\/span><span class=\"uJ19be notranslate\" data-wiz-uids=\"h8wy1e_1c\" data-processed=\"true\"><span class=\"vKEkVd\" data-animation-atomic=\"\" data-wiz-attrbind=\"class=h8wy1e_1b\/TKHnVd\" data-processed=\"true\">\u00a0<\/span><\/span><\/li>\n<\/ul>\n<div class=\"Y3BBE\" data-sfc-cp=\"\" data-hveid=\"CAQQAA\" data-processed=\"true\"><strong class=\"Yjhzub\" data-processed=\"true\">C\u00e1ch s\u1eed d\u1ee5ng:<\/strong><\/div>\n<ul class=\"KsbFXc U6u95\" data-processed=\"true\">\n<li data-hveid=\"CAUQAA\" data-processed=\"true\"><span class=\"T286Pc\" data-sfc-cp=\"\" data-processed=\"true\">\u0110\u1ed5 l\u01b0\u1ee3ng n\u01b0\u1edbc x\u1ea3 v\u1eeba \u0111\u1ee7 (kho\u1ea3ng 1\/2 &#8211; 2\/3 n\u1eafp) v\u00e0o ng\u0103n ch\u1ee9a n\u01b0\u1edbc x\u1ea3 c\u1ee7a m\u00e1y gi\u1eb7t, ho\u1eb7c \u0111\u1ed5 tr\u1ef1c ti\u1ebfp v\u00e0o ch\u1eadu n\u01b0\u1edbc cu\u1ed1i c\u00f9ng.<\/span><span class=\"uJ19be notranslate\" data-wiz-uids=\"h8wy1e_1t\" data-processed=\"true\"><span class=\"vKEkVd\" data-animation-atomic=\"\" data-wiz-attrbind=\"class=h8wy1e_1s\/TKHnVd\" data-processed=\"true\">\u00a0<\/span><\/span><\/li>\n<\/ul>\n<div class=\"Y3BBE\" data-sfc-cp=\"\" data-hveid=\"CAYQAA\" data-processed=\"true\"><strong class=\"Yjhzub\" data-processed=\"true\">L\u01b0u \u00fd b\u1ea3o qu\u1ea3n:<\/strong><\/div>\n<ul class=\"KsbFXc U6u95\" data-processed=\"true\">\n<li data-hveid=\"CAcQAA\" data-processed=\"true\"><span class=\"T286Pc\" data-sfc-cp=\"\" data-processed=\"true\">\u0110\u1eady k\u00edn n\u1eafp sau khi d\u00f9ng, b\u1ea3o qu\u1ea3n n\u01a1i kh\u00f4 r\u00e1o, tho\u00e1ng m\u00e1t, tr\u00e1nh \u00e1nh n\u1eafng tr\u1ef1c ti\u1ebfp v\u00e0 t\u1ea7m tay tr\u1ebb em.<\/span><span class=\"uJ19be notranslate\" data-wiz-uids=\"h8wy1e_23\" data-processed=\"true\"><span class=\"vKEkVd\" data-animation-atomic=\"\" data-wiz-attrbind=\"class=h8wy1e_22\/TKHnVd\" data-processed=\"true\">\u00a0<\/span><\/span><\/li>\n<\/ul>\n","protected":false},"excerpt":{"rendered":"<p>N\u01b0\u1edbc x\u1ea3 v\u1ea3i h\u01b0\u01a1ng Vani l\u00e0 s\u1ea3n ph\u1ea9m mang l\u1ea1i m\u00f9i h\u01b0\u01a1ng \u1ea5m \u00e1p, ng\u1ecdt ng\u00e0o, sang tr\u1ecdng v\u00e0 l\u01b0u h\u01b0\u01a1ng l\u00e2u tr\u00ean qu\u1ea7n \u00e1o, th\u01b0\u1eddng k\u1ebft h\u1ee3p v\u1edbi chi\u1ebft xu\u1ea5t th\u1ef1c v\u1eadt ho\u1eb7c tinh d\u1ea7u thi\u00ean nhi\u00ean \u0111\u1ec3 l\u00e0m m\u1ec1m v\u1ea3i, gi\u1eef m\u00e0u, ch\u1ed1ng t\u0129nh \u0111i\u1ec7n, t\u1ea1o c\u1ea3m gi\u00e1c d\u1ec5 ch\u1ecbu, th\u00e2n thu\u1ed9c (nh\u01b0 [&hellip;]<\/p>\n","protected":false},"featured_media":111,"comment_status":"open","ping_status":"closed","template":"","meta":[],"product_brand":[],"product_cat":[16],"product_tag":[17],"class_list":{"0":"post-110","1":"product","2":"type-product","3":"status-publish","4":"has-post-thumbnail","6":"product_cat-nuoc-xa-vai","7":"product_tag-nuoc-xa-vai","9":"first","10":"instock","11":"shipping-taxable","12":"purchasable","13":"product-type-simple"},"yoast_head":"<!-- This site is optimized with the Yoast SEO plugin v26.8 - https:\/\/yoast.com\/product\/yoast-seo-wordpress\/ -->\n<title>N\u01b0\u1edbc x\u1ea3 v\u1ea3i - H\u01b0\u01a1ng Vani - Lamior<\/title>\n<meta name=\"robots\" content=\"index, follow, max-snippet:-1, max-image-preview:large, max-video-preview:-1\" \/>\n<link rel=\"canonical\" href=\"https:\/\/lamior.site\/index.php\/san-pham\/nuoc-xa-vai-huong-vani\/\" \/>\n<meta property=\"og:locale\" content=\"vi_VN\" \/>\n<meta property=\"og:type\" content=\"article\" \/>\n<meta property=\"og:title\" content=\"N\u01b0\u1edbc x\u1ea3 v\u1ea3i - H\u01b0\u01a1ng Vani - Lamior\" \/>\n<meta property=\"og:description\" content=\"N\u01b0\u1edbc x\u1ea3 v\u1ea3i h\u01b0\u01a1ng Vani l\u00e0 s\u1ea3n ph\u1ea9m mang l\u1ea1i m\u00f9i h\u01b0\u01a1ng \u1ea5m \u00e1p, ng\u1ecdt ng\u00e0o, sang tr\u1ecdng v\u00e0 l\u01b0u h\u01b0\u01a1ng l\u00e2u tr\u00ean qu\u1ea7n \u00e1o, th\u01b0\u1eddng k\u1ebft h\u1ee3p v\u1edbi chi\u1ebft xu\u1ea5t th\u1ef1c v\u1eadt ho\u1eb7c tinh d\u1ea7u thi\u00ean nhi\u00ean \u0111\u1ec3 l\u00e0m m\u1ec1m v\u1ea3i, gi\u1eef m\u00e0u, ch\u1ed1ng t\u0129nh \u0111i\u1ec7n, t\u1ea1o c\u1ea3m gi\u00e1c d\u1ec5 ch\u1ecbu, th\u00e2n thu\u1ed9c (nh\u01b0 [&hellip;]\" \/>\n<meta property=\"og:url\" content=\"https:\/\/lamior.site\/index.php\/san-pham\/nuoc-xa-vai-huong-vani\/\" \/>\n<meta property=\"og:site_name\" content=\"Lamior\" \/>\n<meta property=\"article:publisher\" content=\"https:\/\/www.facebook.com\/lequyisme206\" \/>\n<meta property=\"article:modified_time\" content=\"2026-01-15T10:07:28+00:00\" \/>\n<meta property=\"og:image\" content=\"https:\/\/lamior.site\/wp-content\/uploads\/2026\/01\/2.jpg\" \/>\n\t<meta property=\"og:image:width\" content=\"1024\" \/>\n\t<meta property=\"og:image:height\" content=\"1024\" \/>\n\t<meta property=\"og:image:type\" content=\"image\/jpeg\" \/>\n<meta name=\"twitter:card\" content=\"summary_large_image\" \/>\n<meta name=\"twitter:label1\" content=\"\u01af\u1edbc t\u00ednh th\u1eddi gian \u0111\u1ecdc\" \/>\n\t<meta name=\"twitter:data1\" content=\"2 ph\u00fat\" \/>\n<script type=\"application\/ld+json\" class=\"yoast-schema-graph\">{\"@context\":\"https:\/\/schema.org\",\"@graph\":[{\"@type\":\"WebPage\",\"@id\":\"https:\/\/lamior.site\/index.php\/san-pham\/nuoc-xa-vai-huong-vani\/\",\"url\":\"https:\/\/lamior.site\/index.php\/san-pham\/nuoc-xa-vai-huong-vani\/\",\"name\":\"N\u01b0\u1edbc x\u1ea3 v\u1ea3i - H\u01b0\u01a1ng Vani - Lamior\",\"isPartOf\":{\"@id\":\"https:\/\/lamior.site\/#website\"},\"primaryImageOfPage\":{\"@id\":\"https:\/\/lamior.site\/index.php\/san-pham\/nuoc-xa-vai-huong-vani\/#primaryimage\"},\"image\":{\"@id\":\"https:\/\/lamior.site\/index.php\/san-pham\/nuoc-xa-vai-huong-vani\/#primaryimage\"},\"thumbnailUrl\":\"https:\/\/lamior.site\/wp-content\/uploads\/2026\/01\/2.jpg\",\"datePublished\":\"2026-01-09T04:03:49+00:00\",\"dateModified\":\"2026-01-15T10:07:28+00:00\",\"breadcrumb\":{\"@id\":\"https:\/\/lamior.site\/index.php\/san-pham\/nuoc-xa-vai-huong-vani\/#breadcrumb\"},\"inLanguage\":\"vi\",\"potentialAction\":[{\"@type\":\"ReadAction\",\"target\":[\"https:\/\/lamior.site\/index.php\/san-pham\/nuoc-xa-vai-huong-vani\/\"]}]},{\"@type\":\"ImageObject\",\"inLanguage\":\"vi\",\"@id\":\"https:\/\/lamior.site\/index.php\/san-pham\/nuoc-xa-vai-huong-vani\/#primaryimage\",\"url\":\"https:\/\/lamior.site\/wp-content\/uploads\/2026\/01\/2.jpg\",\"contentUrl\":\"https:\/\/lamior.site\/wp-content\/uploads\/2026\/01\/2.jpg\",\"width\":1024,\"height\":1024},{\"@type\":\"BreadcrumbList\",\"@id\":\"https:\/\/lamior.site\/index.php\/san-pham\/nuoc-xa-vai-huong-vani\/#breadcrumb\",\"itemListElement\":[{\"@type\":\"ListItem\",\"position\":1,\"name\":\"Trang ch\u1ee7\",\"item\":\"https:\/\/lamior.site\/\"},{\"@type\":\"ListItem\",\"position\":2,\"name\":\"C\u1eeda h\u00e0ng\",\"item\":\"https:\/\/lamior.site\/index.php\/cua-hang\/\"},{\"@type\":\"ListItem\",\"position\":3,\"name\":\"N\u01b0\u1edbc x\u1ea3 v\u1ea3i &#8211; H\u01b0\u01a1ng Vani\"}]},{\"@type\":\"WebSite\",\"@id\":\"https:\/\/lamior.site\/#website\",\"url\":\"https:\/\/lamior.site\/\",\"name\":\"Lamior\",\"description\":\"Ch\u1ea1m V\u00e0o Thi\u00ean Nhi\u00ean, N\u00e2ng Niu S\u1ee3i V\u1ea3i\",\"publisher\":{\"@id\":\"https:\/\/lamior.site\/#organization\"},\"potentialAction\":[{\"@type\":\"SearchAction\",\"target\":{\"@type\":\"EntryPoint\",\"urlTemplate\":\"https:\/\/lamior.site\/?s={search_term_string}\"},\"query-input\":{\"@type\":\"PropertyValueSpecification\",\"valueRequired\":true,\"valueName\":\"search_term_string\"}}],\"inLanguage\":\"vi\"},{\"@type\":\"Organization\",\"@id\":\"https:\/\/lamior.site\/#organization\",\"name\":\"Lamior\",\"url\":\"https:\/\/lamior.site\/\",\"logo\":{\"@type\":\"ImageObject\",\"inLanguage\":\"vi\",\"@id\":\"https:\/\/lamior.site\/#\/schema\/logo\/image\/\",\"url\":\"https:\/\/lamior.site\/wp-content\/uploads\/2026\/01\/logo.jpg\",\"contentUrl\":\"https:\/\/lamior.site\/wp-content\/uploads\/2026\/01\/logo.jpg\",\"width\":1024,\"height\":1024,\"caption\":\"Lamior\"},\"image\":{\"@id\":\"https:\/\/lamior.site\/#\/schema\/logo\/image\/\"},\"sameAs\":[\"https:\/\/www.facebook.com\/lequyisme206\"]}]}<\/script>\n<!-- \/ Yoast SEO plugin. -->","yoast_head_json":{"title":"N\u01b0\u1edbc x\u1ea3 v\u1ea3i - H\u01b0\u01a1ng Vani - Lamior","robots":{"index":"index","follow":"follow","max-snippet":"max-snippet:-1","max-image-preview":"max-image-preview:large","max-video-preview":"max-video-preview:-1"},"canonical":"https:\/\/lamior.site\/index.php\/san-pham\/nuoc-xa-vai-huong-vani\/","og_locale":"vi_VN","og_type":"article","og_title":"N\u01b0\u1edbc x\u1ea3 v\u1ea3i - H\u01b0\u01a1ng Vani - Lamior","og_description":"N\u01b0\u1edbc x\u1ea3 v\u1ea3i h\u01b0\u01a1ng Vani l\u00e0 s\u1ea3n ph\u1ea9m mang l\u1ea1i m\u00f9i h\u01b0\u01a1ng \u1ea5m \u00e1p, ng\u1ecdt ng\u00e0o, sang tr\u1ecdng v\u00e0 l\u01b0u h\u01b0\u01a1ng l\u00e2u tr\u00ean qu\u1ea7n \u00e1o, th\u01b0\u1eddng k\u1ebft h\u1ee3p v\u1edbi chi\u1ebft xu\u1ea5t th\u1ef1c v\u1eadt ho\u1eb7c tinh d\u1ea7u thi\u00ean nhi\u00ean \u0111\u1ec3 l\u00e0m m\u1ec1m v\u1ea3i, gi\u1eef m\u00e0u, ch\u1ed1ng t\u0129nh \u0111i\u1ec7n, t\u1ea1o c\u1ea3m gi\u00e1c d\u1ec5 ch\u1ecbu, th\u00e2n thu\u1ed9c (nh\u01b0 [&hellip;]","og_url":"https:\/\/lamior.site\/index.php\/san-pham\/nuoc-xa-vai-huong-vani\/","og_site_name":"Lamior","article_publisher":"https:\/\/www.facebook.com\/lequyisme206","article_modified_time":"2026-01-15T10:07:28+00:00","og_image":[{"width":1024,"height":1024,"url":"https:\/\/lamior.site\/wp-content\/uploads\/2026\/01\/2.jpg","type":"image\/jpeg"}],"twitter_card":"summary_large_image","twitter_misc":{"\u01af\u1edbc t\u00ednh th\u1eddi gian \u0111\u1ecdc":"2 ph\u00fat"},"schema":{"@context":"https:\/\/schema.org","@graph":[{"@type":"WebPage","@id":"https:\/\/lamior.site\/index.php\/san-pham\/nuoc-xa-vai-huong-vani\/","url":"https:\/\/lamior.site\/index.php\/san-pham\/nuoc-xa-vai-huong-vani\/","name":"N\u01b0\u1edbc x\u1ea3 v\u1ea3i - H\u01b0\u01a1ng Vani - Lamior","isPartOf":{"@id":"https:\/\/lamior.site\/#website"},"primaryImageOfPage":{"@id":"https:\/\/lamior.site\/index.php\/san-pham\/nuoc-xa-vai-huong-vani\/#primaryimage"},"image":{"@id":"https:\/\/lamior.site\/index.php\/san-pham\/nuoc-xa-vai-huong-vani\/#primaryimage"},"thumbnailUrl":"https:\/\/lamior.site\/wp-content\/uploads\/2026\/01\/2.jpg","datePublished":"2026-01-09T04:03:49+00:00","dateModified":"2026-01-15T10:07:28+00:00","breadcrumb":{"@id":"https:\/\/lamior.site\/index.php\/san-pham\/nuoc-xa-vai-huong-vani\/#breadcrumb"},"inLanguage":"vi","potentialAction":[{"@type":"ReadAction","target":["https:\/\/lamior.site\/index.php\/san-pham\/nuoc-xa-vai-huong-vani\/"]}]},{"@type":"ImageObject","inLanguage":"vi","@id":"https:\/\/lamior.site\/index.php\/san-pham\/nuoc-xa-vai-huong-vani\/#primaryimage","url":"https:\/\/lamior.site\/wp-content\/uploads\/2026\/01\/2.jpg","contentUrl":"https:\/\/lamior.site\/wp-content\/uploads\/2026\/01\/2.jpg","width":1024,"height":1024},{"@type":"BreadcrumbList","@id":"https:\/\/lamior.site\/index.php\/san-pham\/nuoc-xa-vai-huong-vani\/#breadcrumb","itemListElement":[{"@type":"ListItem","position":1,"name":"Trang ch\u1ee7","item":"https:\/\/lamior.site\/"},{"@type":"ListItem","position":2,"name":"C\u1eeda h\u00e0ng","item":"https:\/\/lamior.site\/index.php\/cua-hang\/"},{"@type":"ListItem","position":3,"name":"N\u01b0\u1edbc x\u1ea3 v\u1ea3i &#8211; H\u01b0\u01a1ng Vani"}]},{"@type":"WebSite","@id":"https:\/\/lamior.site\/#website","url":"https:\/\/lamior.site\/","name":"Lamior","description":"Ch\u1ea1m V\u00e0o Thi\u00ean Nhi\u00ean, N\u00e2ng Niu S\u1ee3i V\u1ea3i","publisher":{"@id":"https:\/\/lamior.site\/#organization"},"potentialAction":[{"@type":"SearchAction","target":{"@type":"EntryPoint","urlTemplate":"https:\/\/lamior.site\/?s={search_term_string}"},"query-input":{"@type":"PropertyValueSpecification","valueRequired":true,"valueName":"search_term_string"}}],"inLanguage":"vi"},{"@type":"Organization","@id":"https:\/\/lamior.site\/#organization","name":"Lamior","url":"https:\/\/lamior.site\/","logo":{"@type":"ImageObject","inLanguage":"vi","@id":"https:\/\/lamior.site\/#\/schema\/logo\/image\/","url":"https:\/\/lamior.site\/wp-content\/uploads\/2026\/01\/logo.jpg","contentUrl":"https:\/\/lamior.site\/wp-content\/uploads\/2026\/01\/logo.jpg","width":1024,"height":1024,"caption":"Lamior"},"image":{"@id":"https:\/\/lamior.site\/#\/schema\/logo\/image\/"},"sameAs":["https:\/\/www.facebook.com\/lequyisme206"]}]}},"jetpack_sharing_enabled":true,"_links":{"self":[{"href":"https:\/\/lamior.site\/index.php\/wp-json\/wp\/v2\/product\/110","targetHints":{"allow":["GET"]}}],"collection":[{"href":"https:\/\/lamior.site\/index.php\/wp-json\/wp\/v2\/product"}],"about":[{"href":"https:\/\/lamior.site\/index.php\/wp-json\/wp\/v2\/types\/product"}],"replies":[{"embeddable":true,"href":"https:\/\/lamior.site\/index.php\/wp-json\/wp\/v2\/comments?post=110"}],"wp:featuredmedia":[{"embeddable":true,"href":"https:\/\/lamior.site\/index.php\/wp-json\/wp\/v2\/media\/111"}],"wp:attachment":[{"href":"https:\/\/lamior.site\/index.php\/wp-json\/wp\/v2\/media?parent=110"}],"wp:term":[{"taxonomy":"product_brand","embeddable":true,"href":"https:\/\/lamior.site\/index.php\/wp-json\/wp\/v2\/product_brand?post=110"},{"taxonomy":"product_cat","embeddable":true,"href":"https:\/\/lamior.site\/index.php\/wp-json\/wp\/v2\/product_cat?post=110"},{"taxonomy":"product_tag","embeddable":true,"href":"https:\/\/lamior.site\/index.php\/wp-json\/wp\/v2\/product_tag?post=110"}],"curies":[{"name":"wp","href":"https:\/\/api.w.org\/{rel}","templated":true}]}}