{"id":357,"date":"2026-01-23T03:33:48","date_gmt":"2026-01-23T03:33:48","guid":{"rendered":"https:\/\/lamior.site\/?page_id=357"},"modified":"2026-02-22T06:41:25","modified_gmt":"2026-02-22T06:41:25","slug":"chinh-sach-doi-tra-bai-nhom","status":"publish","type":"page","link":"https:\/\/lamior.site\/index.php\/chinh-sach-doi-tra-bai-nhom\/","title":{"rendered":"Ch\u00ednh S\u00e1ch \u0110\u1ed5i Tr\u1ea3"},"content":{"rendered":"\n<figure class=\"wp-block-image size-full\"><img loading=\"lazy\" decoding=\"async\" width=\"1024\" height=\"572\" src=\"https:\/\/lamior.site\/wp-content\/uploads\/2026\/01\/bannerlamior.jpg\" alt=\"\" class=\"wp-image-382\" srcset=\"https:\/\/lamior.site\/wp-content\/uploads\/2026\/01\/bannerlamior.jpg 1024w, https:\/\/lamior.site\/wp-content\/uploads\/2026\/01\/bannerlamior-300x168.jpg 300w, https:\/\/lamior.site\/wp-content\/uploads\/2026\/01\/bannerlamior-768x429.jpg 768w, https:\/\/lamior.site\/wp-content\/uploads\/2026\/01\/bannerlamior-600x335.jpg 600w\" sizes=\"auto, (max-width: 1024px) 100vw, 1024px\" \/><\/figure>\n\n\n\n<p>Xin Ch\u00e0o m\u1eebng Qu\u00fd kh\u00e1ch !<\/p>\n\n\n\n<p>D\u01b0\u1edbi \u0111\u00e2y l\u00e0 chi ti\u1ebft th\u00f4ng tin  v\u1ec1 c\u00e1c ch\u00ednh s\u00e1ch \u0111\u1ed5i tr\u1ea3&nbsp;Lamior&nbsp;lu\u00f4n n\u1ed7 l\u1ef1c \u0111\u1ec3 Qu\u00fd kh\u00e1ch h\u00e0i l\u00f2ng v\u00e0 tin t\u01b0\u1edfng khi mua h\u00e0ng.<\/p>\n\n\n\n<p>Ch\u00e2n th\u00e0nh c\u1ea3m \u01a1n v\u00e0 mong \u0111\u01b0\u1ee3c ph\u1ee5c v\u1ee5 Qu\u00fd kh\u00e1ch!<\/p>\n\n\n\n<p>Khi mua s\u1ea3n ph\u1ea9m t\u1ea1i Lamior.site, kh\u00e1ch h\u00e0ng c\u00f3 quy\u1ec1n ho\u00e0n to\u00e0n y\u00ean t\u00e2m v\u1edbi s\u1ea3n ph\u1ea9m ch\u00ednh h\u00e3ng, \u0111\u01b0\u1ee3c b\u1ea3o h\u00e0nh ch\u00ednh th\u1ee9c t\u1ea1i nh\u00e3n h\u00e0ng v\u00e0 ngo\u00e0i ra c\u00f3 th\u00eam ch\u00ednh s\u00e1ch \u0111\u1ed5i m\u1edbi mi\u1ec5n ph\u00ed n\u1ebfu nh\u01b0 s\u1ea3n ph\u1ea9m c\u00f3 l\u1ed7i t\u1ea1i bao b\u00ec hay ch\u1ea5t l\u01b0\u1ee3ng s\u1ea3n ph\u1ea9m t\u1ea1i Lamior<\/p>\n\n\n\n<p>Kh\u00e1ch h\u00e0ng \u0111\u01b0\u1ee3c h\u1ed7 tr\u1ee3 <strong>\u0111\u1ed5i ho\u1eb7c tr\u1ea3 s\u1ea3n ph\u1ea9m<\/strong> khi \u0111\u00e1p \u1ee9ng <strong>\u0111\u1ed3ng th\u1eddi c\u00e1c \u0111i\u1ec1u ki\u1ec7n<\/strong> sau:<\/p>\n\n\n\n<figure class=\"wp-block-table\"><table class=\"has-fixed-layout\"><tbody><tr><td class=\"has-text-align-center\" data-align=\"center\"><mark style=\"background-color:rgba(0, 0, 0, 0)\" class=\"has-inline-color has-vivid-red-color\"><strong>\u0110i\u1ec1u ki\u1ec7n \u00e1p d\u1ee5ng \u0111\u1ed5i tr\u1ea3<\/strong><\/mark><\/td><td class=\"has-text-align-left\" data-align=\"left\">&#8211; S\u1ea3n ph\u1ea9m c\u00f2n <strong>nguy\u00ean v\u1eb9n<\/strong>, ch\u01b0a qua s\u1eed d\u1ee5ng ho\u1eb7c ch\u1ec9 s\u1eed d\u1ee5ng th\u1eed kh\u00f4ng qu\u00e1 1 l\u1ea7n<br>&#8211; Bao b\u00ec, tem nh\u00e3n, n\u1eafp chai c\u00f2n nguy\u00ean, kh\u00f4ng m\u00f3p m\u00e9o, r\u00f2 r\u1ec9<br>&#8211; C\u00f3 <strong>h\u00f3a \u0111\u01a1n mua h\u00e0ng<\/strong> ho\u1eb7c th\u00f4ng tin x\u00e1c nh\u1eadn \u0111\u01a1n h\u00e0ng<br>&#8211; Y\u00eau c\u1ea7u \u0111\u1ed5i tr\u1ea3 \u0111\u01b0\u1ee3c g\u1eedi trong <strong>th\u1eddi gian quy \u0111\u1ecbnh<\/strong><\/td><\/tr><tr><td class=\"has-text-align-center\" data-align=\"center\"><mark style=\"background-color:rgba(0, 0, 0, 0)\" class=\"has-inline-color has-vivid-red-color\"><strong>Th\u1eddi gian \u0111\u1ed5i tr\u1ea3<\/strong><\/mark><\/td><td class=\"has-text-align-left\" data-align=\"left\">&#8211; <strong>Trong v\u00f2ng 7 ng\u00e0y<\/strong> k\u1ec3 t\u1eeb ng\u00e0y nh\u1eadn h\u00e0ng (\u0111\u1ed1i v\u1edbi mua online)<br><strong>&#8211; Trong v\u00f2ng 3 ng\u00e0y<\/strong> k\u1ec3 t\u1eeb ng\u00e0y mua (\u0111\u1ed1i v\u1edbi mua t\u1ea1i c\u1eeda h\u00e0ng\/\u0111\u1ea1i l\u00fd)<\/td><\/tr><tr><td class=\"has-text-align-center\" data-align=\"center\"><mark style=\"background-color:rgba(0, 0, 0, 0)\" class=\"has-inline-color has-vivid-red-color\"><strong>C\u00e1c tr\u01b0\u1eddng h\u1ee3p \u0111\u01b0\u1ee3c \u0111\u1ed5i tr\u1ea3<\/strong><\/mark><\/td><td class=\"has-text-align-left\" data-align=\"left\">&#8211; S\u1ea3n ph\u1ea9m b\u1ecb <strong>l\u1ed7i do nh\u00e0 s\u1ea3n xu\u1ea5t<\/strong> (m\u00f9i b\u1ea5t th\u01b0\u1eddng, k\u1ebft c\u1ea5u l\u1ea1, t\u00e1ch l\u1edbp\u2026)<br>&#8211; S\u1ea3n ph\u1ea9m b\u1ecb <strong>r\u00f2 r\u1ec9, v\u1ee1, m\u00f3p<\/strong> trong qu\u00e1 tr\u00ecnh v\u1eadn chuy\u1ec3n<br>&#8211; Giao <strong>sai s\u1ea3n ph\u1ea9m, sai m\u00f9i h\u01b0\u01a1ng, sai dung t\u00edch<\/strong> so v\u1edbi \u0111\u01a1n \u0111\u1eb7t h\u00e0ng<br>&#8211; S\u1ea3n ph\u1ea9m <strong>c\u1eadn date ho\u1eb7c h\u1ebft h\u1ea1n s\u1eed d\u1ee5ng<\/strong> t\u1ea1i th\u1eddi \u0111i\u1ec3m nh\u1eadn h\u00e0ng<\/td><\/tr><tr><td class=\"has-text-align-center\" data-align=\"center\"><mark style=\"background-color:rgba(0, 0, 0, 0)\" class=\"has-inline-color has-vivid-red-color\"><strong>C\u00e1c tr\u01b0\u1eddng h\u1ee3p kh\u00f4ng \u00e1p d\u1ee5ng \u0111\u1ed5i tr\u1ea3<\/strong><\/mark><\/td><td class=\"has-text-align-left\" data-align=\"left\">&#8211; S\u1ea3n ph\u1ea9m \u0111\u00e3 s\u1eed d\u1ee5ng qu\u00e1 nhi\u1ec1u ho\u1eb7c kh\u00f4ng c\u00f2n nguy\u00ean tr\u1ea1ng<br>&#8211; S\u1ea3n ph\u1ea9m b\u1ecb h\u01b0 h\u1ecfng do l\u1ed7i t\u1eeb ph\u00eda kh\u00e1ch h\u00e0ng<br>&#8211; Kh\u00f4ng cung c\u1ea5p \u0111\u01b0\u1ee3c h\u00f3a \u0111\u01a1n ho\u1eb7c th\u00f4ng tin mua h\u00e0ng<br>&#8211; Qu\u00e1 th\u1eddi gian quy \u0111\u1ecbnh \u0111\u1ed5i tr\u1ea3<br>S\u1ea3n ph\u1ea9m thu\u1ed9c ch\u01b0\u01a1ng tr\u00ecnh <strong>khuy\u1ebfn m\u00e3i x\u1ea3 kho \/ thanh l\u00fd<\/strong> (n\u1ebfu c\u00f3 ghi r\u00f5)<\/td><\/tr><tr><td class=\"has-text-align-center\" data-align=\"center\"><mark style=\"background-color:rgba(0, 0, 0, 0)\" class=\"has-inline-color has-vivid-red-color\"><strong>Quy tr\u00ecnh \u0111\u1ed5i tr\u1ea3<\/strong><\/mark><\/td><td class=\"has-text-align-left\" data-align=\"left\">1\/Kh\u00e1ch h\u00e0ng li\u00ean h\u1ec7 <strong>Hotline \/ Fanpage \/ Website Lamior<\/strong><br>2\/Cung c\u1ea5p th\u00f4ng tin:<br>&#8211; H\u00f3a \u0111\u01a1n ho\u1eb7c m\u00e3 \u0111\u01a1n h\u00e0ng<br>&#8211; H\u00ecnh \u1ea3nh\/video s\u1ea3n ph\u1ea9m l\u1ed7i<br>3\/Lamior x\u00e1c nh\u1eadn y\u00eau c\u1ea7u trong <strong>24\u201348 gi\u1edd l\u00e0m vi\u1ec7c<\/strong><br>4\/Ti\u1ebfn h\u00e0nh \u0111\u1ed5i s\u1ea3n ph\u1ea9m ho\u1eb7c ho\u00e0n ti\u1ec1n theo ch\u00ednh s\u00e1ch<\/td><\/tr><tr><td class=\"has-text-align-center\" data-align=\"center\"><mark style=\"background-color:rgba(0, 0, 0, 0)\" class=\"has-inline-color has-vivid-red-color\"><strong>Cam k\u1ebft c\u1ee7a Lamior<\/strong><\/mark><\/td><td class=\"has-text-align-left\" data-align=\"left\">&#8211; Lamior lu\u00f4n \u0111\u1eb7t <strong>quy\u1ec1n l\u1ee3i v\u00e0 tr\u1ea3i nghi\u1ec7m c\u1ee7a kh\u00e1ch h\u00e0ng<\/strong> l\u00ean h\u00e0ng \u0111\u1ea7u. M\u1ecdi th\u1eafc m\u1eafc v\u1ec1 s\u1ea3n ph\u1ea9m v\u00e0 ch\u00ednh s\u00e1ch \u0111\u1ed5i tr\u1ea3 s\u1ebd \u0111\u01b0\u1ee3c h\u1ed7 tr\u1ee3 <strong>nhanh ch\u00f3ng \u2013 minh b\u1ea1ch \u2013 t\u1eadn t\u00e2m<\/strong>.<\/td><\/tr><\/tbody><\/table><\/figure>\n\n\n\n<p>Lamior khuy\u1ebfn kh\u00edch kh\u00e1ch h\u00e0ng ki\u1ec3m tra k\u1ef9 s\u1ea3n ph\u1ea9m tr\u01b0\u1edbc khi thanh to\u00e1n v\u00e0 s\u1eed d\u1ee5ng \u0111\u1ec3 \u0111\u1ea3m b\u1ea3o quy\u1ec1n l\u1ee3i t\u1ed1t nh\u1ea5t.<\/p>\n\n\n\n<p>N\u1ebfu c\u00f3 b\u1ea5t k\u00ec c\u00e2u h\u1ecfi n\u00e0o li\u00ean quan \u0111\u1ebfn vi\u1ec7c ch\u00ednh s\u00e1ch \u0111\u1ed5i tr\u1ea3 h\u00e3y li\u00ean h\u1ec7<\/p>\n\n\n\n<p>Email: lequy123452@gmail.com<\/p>\n\n\n\n<p>Zalo: 0366530283<\/p>\n\n\n\n<p>\u0110\u1ec3 \u0111\u01b0\u1ee3c t\u01b0 v\u1ea5n v\u00e0 tr\u1ea3 l\u1eddi nhanh nh\u1ea5t.<\/p>\n","protected":false},"excerpt":{"rendered":"<p>Xin Ch\u00e0o m\u1eebng Qu\u00fd kh\u00e1ch ! D\u01b0\u1edbi \u0111\u00e2y l\u00e0 chi ti\u1ebft th\u00f4ng tin v\u1ec1 c\u00e1c ch\u00ednh s\u00e1ch \u0111\u1ed5i tr\u1ea3&nbsp;Lamior&nbsp;lu\u00f4n n\u1ed7 l\u1ef1c \u0111\u1ec3 Qu\u00fd kh\u00e1ch h\u00e0i l\u00f2ng v\u00e0 tin t\u01b0\u1edfng khi mua h\u00e0ng. Ch\u00e2n th\u00e0nh c\u1ea3m \u01a1n v\u00e0 mong \u0111\u01b0\u1ee3c ph\u1ee5c v\u1ee5 Qu\u00fd kh\u00e1ch! Khi mua s\u1ea3n ph\u1ea9m t\u1ea1i Lamior.site, kh\u00e1ch h\u00e0ng c\u00f3 quy\u1ec1n ho\u00e0n to\u00e0n [&hellip;]<\/p>\n","protected":false},"author":1,"featured_media":0,"parent":0,"menu_order":0,"comment_status":"closed","ping_status":"closed","template":"","meta":{"footnotes":""},"class_list":["post-357","page","type-page","status-publish","hentry"],"yoast_head":"<!-- This site is optimized with the Yoast SEO plugin v26.8 - https:\/\/yoast.com\/product\/yoast-seo-wordpress\/ -->\n<title>Ch\u00ednh S\u00e1ch \u0110\u1ed5i Tr\u1ea3 - Lamior<\/title>\n<meta name=\"description\" content=\"Ch\u00ednh s\u00e1ch \u0111\u1ed5i tr\u1ea3 r\u00f5 r\u00e0ng, minh b\u1ea1ch. H\u1ed7 tr\u1ee3 \u0111\u1ed5i tr\u1ea3 s\u1ea3n ph\u1ea9m trong th\u1eddi gian quy \u0111\u1ecbnh n\u1ebfu c\u00f3 l\u1ed7i t\u1eeb nh\u00e0 s\u1ea3n xu\u1ea5t ho\u1eb7c kh\u00f4ng \u0111\u00fang m\u00f4 t\u1ea3.\" \/>\n<meta name=\"robots\" content=\"index, follow, max-snippet:-1, max-image-preview:large, max-video-preview:-1\" \/>\n<link rel=\"canonical\" href=\"https:\/\/lamior.site\/index.php\/chinh-sach-doi-tra-bai-nhom\/\" \/>\n<meta property=\"og:locale\" content=\"vi_VN\" \/>\n<meta property=\"og:type\" content=\"article\" \/>\n<meta property=\"og:title\" content=\"Ch\u00ednh S\u00e1ch \u0110\u1ed5i Tr\u1ea3 - Lamior\" \/>\n<meta property=\"og:description\" content=\"Ch\u00ednh s\u00e1ch \u0111\u1ed5i tr\u1ea3 r\u00f5 r\u00e0ng, minh b\u1ea1ch. H\u1ed7 tr\u1ee3 \u0111\u1ed5i tr\u1ea3 s\u1ea3n ph\u1ea9m trong th\u1eddi gian quy \u0111\u1ecbnh n\u1ebfu c\u00f3 l\u1ed7i t\u1eeb nh\u00e0 s\u1ea3n xu\u1ea5t ho\u1eb7c kh\u00f4ng \u0111\u00fang m\u00f4 t\u1ea3.\" \/>\n<meta property=\"og:url\" content=\"https:\/\/lamior.site\/index.php\/chinh-sach-doi-tra-bai-nhom\/\" \/>\n<meta property=\"og:site_name\" content=\"Lamior\" \/>\n<meta property=\"article:publisher\" content=\"https:\/\/www.facebook.com\/lequyisme206\" \/>\n<meta property=\"article:modified_time\" content=\"2026-02-22T06:41:25+00:00\" \/>\n<meta property=\"og:image\" content=\"https:\/\/lamior.site\/wp-content\/uploads\/2026\/01\/bannerlamior.jpg\" \/>\n\t<meta property=\"og:image:width\" content=\"1024\" \/>\n\t<meta property=\"og:image:height\" content=\"572\" \/>\n\t<meta property=\"og:image:type\" content=\"image\/jpeg\" \/>\n<meta name=\"twitter:card\" content=\"summary_large_image\" \/>\n<meta name=\"twitter:label1\" content=\"\u01af\u1edbc t\u00ednh th\u1eddi gian \u0111\u1ecdc\" \/>\n\t<meta name=\"twitter:data1\" content=\"3 ph\u00fat\" \/>\n<script type=\"application\/ld+json\" class=\"yoast-schema-graph\">{\"@context\":\"https:\/\/schema.org\",\"@graph\":[{\"@type\":\"WebPage\",\"@id\":\"https:\/\/lamior.site\/index.php\/chinh-sach-doi-tra-bai-nhom\/\",\"url\":\"https:\/\/lamior.site\/index.php\/chinh-sach-doi-tra-bai-nhom\/\",\"name\":\"Ch\u00ednh S\u00e1ch \u0110\u1ed5i Tr\u1ea3 - Lamior\",\"isPartOf\":{\"@id\":\"https:\/\/lamior.site\/#website\"},\"primaryImageOfPage\":{\"@id\":\"https:\/\/lamior.site\/index.php\/chinh-sach-doi-tra-bai-nhom\/#primaryimage\"},\"image\":{\"@id\":\"https:\/\/lamior.site\/index.php\/chinh-sach-doi-tra-bai-nhom\/#primaryimage\"},\"thumbnailUrl\":\"https:\/\/lamior.site\/wp-content\/uploads\/2026\/01\/bannerlamior.jpg\",\"datePublished\":\"2026-01-23T03:33:48+00:00\",\"dateModified\":\"2026-02-22T06:41:25+00:00\",\"description\":\"Ch\u00ednh s\u00e1ch \u0111\u1ed5i tr\u1ea3 r\u00f5 r\u00e0ng, minh b\u1ea1ch. H\u1ed7 tr\u1ee3 \u0111\u1ed5i tr\u1ea3 s\u1ea3n ph\u1ea9m trong th\u1eddi gian quy \u0111\u1ecbnh n\u1ebfu c\u00f3 l\u1ed7i t\u1eeb nh\u00e0 s\u1ea3n xu\u1ea5t ho\u1eb7c kh\u00f4ng \u0111\u00fang m\u00f4 t\u1ea3.\",\"breadcrumb\":{\"@id\":\"https:\/\/lamior.site\/index.php\/chinh-sach-doi-tra-bai-nhom\/#breadcrumb\"},\"inLanguage\":\"vi\",\"potentialAction\":[{\"@type\":\"ReadAction\",\"target\":[\"https:\/\/lamior.site\/index.php\/chinh-sach-doi-tra-bai-nhom\/\"]}]},{\"@type\":\"ImageObject\",\"inLanguage\":\"vi\",\"@id\":\"https:\/\/lamior.site\/index.php\/chinh-sach-doi-tra-bai-nhom\/#primaryimage\",\"url\":\"https:\/\/lamior.site\/wp-content\/uploads\/2026\/01\/bannerlamior.jpg\",\"contentUrl\":\"https:\/\/lamior.site\/wp-content\/uploads\/2026\/01\/bannerlamior.jpg\",\"width\":1024,\"height\":572},{\"@type\":\"BreadcrumbList\",\"@id\":\"https:\/\/lamior.site\/index.php\/chinh-sach-doi-tra-bai-nhom\/#breadcrumb\",\"itemListElement\":[{\"@type\":\"ListItem\",\"position\":1,\"name\":\"Trang ch\u1ee7\",\"item\":\"https:\/\/lamior.site\/\"},{\"@type\":\"ListItem\",\"position\":2,\"name\":\"Ch\u00ednh S\u00e1ch \u0110\u1ed5i Tr\u1ea3\"}]},{\"@type\":\"WebSite\",\"@id\":\"https:\/\/lamior.site\/#website\",\"url\":\"https:\/\/lamior.site\/\",\"name\":\"Lamior\",\"description\":\"Ch\u1ea1m V\u00e0o Thi\u00ean Nhi\u00ean, N\u00e2ng Niu S\u1ee3i V\u1ea3i\",\"publisher\":{\"@id\":\"https:\/\/lamior.site\/#organization\"},\"potentialAction\":[{\"@type\":\"SearchAction\",\"target\":{\"@type\":\"EntryPoint\",\"urlTemplate\":\"https:\/\/lamior.site\/?s={search_term_string}\"},\"query-input\":{\"@type\":\"PropertyValueSpecification\",\"valueRequired\":true,\"valueName\":\"search_term_string\"}}],\"inLanguage\":\"vi\"},{\"@type\":\"Organization\",\"@id\":\"https:\/\/lamior.site\/#organization\",\"name\":\"Lamior\",\"url\":\"https:\/\/lamior.site\/\",\"logo\":{\"@type\":\"ImageObject\",\"inLanguage\":\"vi\",\"@id\":\"https:\/\/lamior.site\/#\/schema\/logo\/image\/\",\"url\":\"https:\/\/lamior.site\/wp-content\/uploads\/2026\/01\/logo.jpg\",\"contentUrl\":\"https:\/\/lamior.site\/wp-content\/uploads\/2026\/01\/logo.jpg\",\"width\":1024,\"height\":1024,\"caption\":\"Lamior\"},\"image\":{\"@id\":\"https:\/\/lamior.site\/#\/schema\/logo\/image\/\"},\"sameAs\":[\"https:\/\/www.facebook.com\/lequyisme206\"]}]}<\/script>\n<!-- \/ Yoast SEO plugin. -->","yoast_head_json":{"title":"Ch\u00ednh S\u00e1ch \u0110\u1ed5i Tr\u1ea3 - Lamior","description":"Ch\u00ednh s\u00e1ch \u0111\u1ed5i tr\u1ea3 r\u00f5 r\u00e0ng, minh b\u1ea1ch. H\u1ed7 tr\u1ee3 \u0111\u1ed5i tr\u1ea3 s\u1ea3n ph\u1ea9m trong th\u1eddi gian quy \u0111\u1ecbnh n\u1ebfu c\u00f3 l\u1ed7i t\u1eeb nh\u00e0 s\u1ea3n xu\u1ea5t ho\u1eb7c kh\u00f4ng \u0111\u00fang m\u00f4 t\u1ea3.","robots":{"index":"index","follow":"follow","max-snippet":"max-snippet:-1","max-image-preview":"max-image-preview:large","max-video-preview":"max-video-preview:-1"},"canonical":"https:\/\/lamior.site\/index.php\/chinh-sach-doi-tra-bai-nhom\/","og_locale":"vi_VN","og_type":"article","og_title":"Ch\u00ednh S\u00e1ch \u0110\u1ed5i Tr\u1ea3 - Lamior","og_description":"Ch\u00ednh s\u00e1ch \u0111\u1ed5i tr\u1ea3 r\u00f5 r\u00e0ng, minh b\u1ea1ch. H\u1ed7 tr\u1ee3 \u0111\u1ed5i tr\u1ea3 s\u1ea3n ph\u1ea9m trong th\u1eddi gian quy \u0111\u1ecbnh n\u1ebfu c\u00f3 l\u1ed7i t\u1eeb nh\u00e0 s\u1ea3n xu\u1ea5t ho\u1eb7c kh\u00f4ng \u0111\u00fang m\u00f4 t\u1ea3.","og_url":"https:\/\/lamior.site\/index.php\/chinh-sach-doi-tra-bai-nhom\/","og_site_name":"Lamior","article_publisher":"https:\/\/www.facebook.com\/lequyisme206","article_modified_time":"2026-02-22T06:41:25+00:00","og_image":[{"width":1024,"height":572,"url":"https:\/\/lamior.site\/wp-content\/uploads\/2026\/01\/bannerlamior.jpg","type":"image\/jpeg"}],"twitter_card":"summary_large_image","twitter_misc":{"\u01af\u1edbc t\u00ednh th\u1eddi gian \u0111\u1ecdc":"3 ph\u00fat"},"schema":{"@context":"https:\/\/schema.org","@graph":[{"@type":"WebPage","@id":"https:\/\/lamior.site\/index.php\/chinh-sach-doi-tra-bai-nhom\/","url":"https:\/\/lamior.site\/index.php\/chinh-sach-doi-tra-bai-nhom\/","name":"Ch\u00ednh S\u00e1ch \u0110\u1ed5i Tr\u1ea3 - Lamior","isPartOf":{"@id":"https:\/\/lamior.site\/#website"},"primaryImageOfPage":{"@id":"https:\/\/lamior.site\/index.php\/chinh-sach-doi-tra-bai-nhom\/#primaryimage"},"image":{"@id":"https:\/\/lamior.site\/index.php\/chinh-sach-doi-tra-bai-nhom\/#primaryimage"},"thumbnailUrl":"https:\/\/lamior.site\/wp-content\/uploads\/2026\/01\/bannerlamior.jpg","datePublished":"2026-01-23T03:33:48+00:00","dateModified":"2026-02-22T06:41:25+00:00","description":"Ch\u00ednh s\u00e1ch \u0111\u1ed5i tr\u1ea3 r\u00f5 r\u00e0ng, minh b\u1ea1ch. H\u1ed7 tr\u1ee3 \u0111\u1ed5i tr\u1ea3 s\u1ea3n ph\u1ea9m trong th\u1eddi gian quy \u0111\u1ecbnh n\u1ebfu c\u00f3 l\u1ed7i t\u1eeb nh\u00e0 s\u1ea3n xu\u1ea5t ho\u1eb7c kh\u00f4ng \u0111\u00fang m\u00f4 t\u1ea3.","breadcrumb":{"@id":"https:\/\/lamior.site\/index.php\/chinh-sach-doi-tra-bai-nhom\/#breadcrumb"},"inLanguage":"vi","potentialAction":[{"@type":"ReadAction","target":["https:\/\/lamior.site\/index.php\/chinh-sach-doi-tra-bai-nhom\/"]}]},{"@type":"ImageObject","inLanguage":"vi","@id":"https:\/\/lamior.site\/index.php\/chinh-sach-doi-tra-bai-nhom\/#primaryimage","url":"https:\/\/lamior.site\/wp-content\/uploads\/2026\/01\/bannerlamior.jpg","contentUrl":"https:\/\/lamior.site\/wp-content\/uploads\/2026\/01\/bannerlamior.jpg","width":1024,"height":572},{"@type":"BreadcrumbList","@id":"https:\/\/lamior.site\/index.php\/chinh-sach-doi-tra-bai-nhom\/#breadcrumb","itemListElement":[{"@type":"ListItem","position":1,"name":"Trang ch\u1ee7","item":"https:\/\/lamior.site\/"},{"@type":"ListItem","position":2,"name":"Ch\u00ednh S\u00e1ch \u0110\u1ed5i Tr\u1ea3"}]},{"@type":"WebSite","@id":"https:\/\/lamior.site\/#website","url":"https:\/\/lamior.site\/","name":"Lamior","description":"Ch\u1ea1m V\u00e0o Thi\u00ean Nhi\u00ean, N\u00e2ng Niu S\u1ee3i V\u1ea3i","publisher":{"@id":"https:\/\/lamior.site\/#organization"},"potentialAction":[{"@type":"SearchAction","target":{"@type":"EntryPoint","urlTemplate":"https:\/\/lamior.site\/?s={search_term_string}"},"query-input":{"@type":"PropertyValueSpecification","valueRequired":true,"valueName":"search_term_string"}}],"inLanguage":"vi"},{"@type":"Organization","@id":"https:\/\/lamior.site\/#organization","name":"Lamior","url":"https:\/\/lamior.site\/","logo":{"@type":"ImageObject","inLanguage":"vi","@id":"https:\/\/lamior.site\/#\/schema\/logo\/image\/","url":"https:\/\/lamior.site\/wp-content\/uploads\/2026\/01\/logo.jpg","contentUrl":"https:\/\/lamior.site\/wp-content\/uploads\/2026\/01\/logo.jpg","width":1024,"height":1024,"caption":"Lamior"},"image":{"@id":"https:\/\/lamior.site\/#\/schema\/logo\/image\/"},"sameAs":["https:\/\/www.facebook.com\/lequyisme206"]}]}},"jetpack_sharing_enabled":true,"_links":{"self":[{"href":"https:\/\/lamior.site\/index.php\/wp-json\/wp\/v2\/pages\/357","targetHints":{"allow":["GET"]}}],"collection":[{"href":"https:\/\/lamior.site\/index.php\/wp-json\/wp\/v2\/pages"}],"about":[{"href":"https:\/\/lamior.site\/index.php\/wp-json\/wp\/v2\/types\/page"}],"author":[{"embeddable":true,"href":"https:\/\/lamior.site\/index.php\/wp-json\/wp\/v2\/users\/1"}],"replies":[{"embeddable":true,"href":"https:\/\/lamior.site\/index.php\/wp-json\/wp\/v2\/comments?post=357"}],"version-history":[{"count":8,"href":"https:\/\/lamior.site\/index.php\/wp-json\/wp\/v2\/pages\/357\/revisions"}],"predecessor-version":[{"id":530,"href":"https:\/\/lamior.site\/index.php\/wp-json\/wp\/v2\/pages\/357\/revisions\/530"}],"wp:attachment":[{"href":"https:\/\/lamior.site\/index.php\/wp-json\/wp\/v2\/media?parent=357"}],"curies":[{"name":"wp","href":"https:\/\/api.w.org\/{rel}","templated":true}]}}