{"id":355,"date":"2026-01-23T04:21:35","date_gmt":"2026-01-23T04:21:35","guid":{"rendered":"https:\/\/lamior.site\/?page_id=355"},"modified":"2026-02-22T06:06:22","modified_gmt":"2026-02-22T06:06:22","slug":"ve-chung-toi","status":"publish","type":"page","link":"https:\/\/lamior.site\/index.php\/ve-chung-toi\/","title":{"rendered":"V\u1ec0 CH\u00daNG T\u00d4I"},"content":{"rendered":"\n<div id=\"ez-toc-container\" class=\"ez-toc-v2_0_80 counter-hierarchy ez-toc-counter ez-toc-grey ez-toc-container-direction\">\n<div class=\"ez-toc-title-container\">\n<p class=\"ez-toc-title\" style=\"cursor:inherit\">Table of Contents<\/p>\n<span class=\"ez-toc-title-toggle\"><a href=\"#\" class=\"ez-toc-pull-right ez-toc-btn ez-toc-btn-xs ez-toc-btn-default ez-toc-toggle\" aria-label=\"Toggle Table of Content\"><span class=\"ez-toc-js-icon-con\"><span class=\"\"><span class=\"eztoc-hide\" style=\"display:none;\">Toggle<\/span><span class=\"ez-toc-icon-toggle-span\"><svg style=\"fill: #999;color:#999\" xmlns=\"http:\/\/www.w3.org\/2000\/svg\" class=\"list-377408\" width=\"20px\" height=\"20px\" viewBox=\"0 0 24 24\" fill=\"none\"><path d=\"M6 6H4v2h2V6zm14 0H8v2h12V6zM4 11h2v2H4v-2zm16 0H8v2h12v-2zM4 16h2v2H4v-2zm16 0H8v2h12v-2z\" fill=\"currentColor\"><\/path><\/svg><svg style=\"fill: #999;color:#999\" class=\"arrow-unsorted-368013\" xmlns=\"http:\/\/www.w3.org\/2000\/svg\" width=\"10px\" height=\"10px\" viewBox=\"0 0 24 24\" version=\"1.2\" baseProfile=\"tiny\"><path d=\"M18.2 9.3l-6.2-6.3-6.2 6.3c-.2.2-.3.4-.3.7s.1.5.3.7c.2.2.4.3.7.3h11c.3 0 .5-.1.7-.3.2-.2.3-.5.3-.7s-.1-.5-.3-.7zM5.8 14.7l6.2 6.3 6.2-6.3c.2-.2.3-.5.3-.7s-.1-.5-.3-.7c-.2-.2-.4-.3-.7-.3h-11c-.3 0-.5.1-.7.3-.2.2-.3.5-.3.7s.1.5.3.7z\"\/><\/svg><\/span><\/span><\/span><\/a><\/span><\/div>\n<nav><ul class='ez-toc-list ez-toc-list-level-1 ' ><li class='ez-toc-page-1 ez-toc-heading-level-2'><a class=\"ez-toc-link ez-toc-heading-1\" href=\"https:\/\/lamior.site\/index.php\/ve-chung-toi\/#Lamior_la_gi\" >Lamior l\u00e0 g\u00ec?<\/a><\/li><li class='ez-toc-page-1 ez-toc-heading-level-2'><a class=\"ez-toc-link ez-toc-heading-2\" href=\"https:\/\/lamior.site\/index.php\/ve-chung-toi\/#CAC_CHUYEN_GIA\" >C\u00c1C CHUY\u00caN GIA<\/a><\/li><\/ul><\/nav><\/div>\n<h2 class=\"wp-block-heading\"><span class=\"ez-toc-section\" id=\"Lamior_la_gi\"><\/span><mark style=\"background-color:rgba(0, 0, 0, 0);color:#3f9676\" class=\"has-inline-color\">Lamior l\u00e0 g\u00ec?<\/mark><span class=\"ez-toc-section-end\"><\/span><\/h2>\n\n\n\n<p>Lamior l\u00e0 th\u01b0\u01a1ng hi\u1ec7u n\u01b0\u1edbc gi\u1eb7t x\u1ea3 mang \u0111\u1ebfn gi\u1ea3i ph\u00e1p ch\u0103m s\u00f3c qu\u1ea7n \u00e1o an to\u00e0n, th\u01a1m l\u00e2u v\u00e0 tinh t\u1ebf cho c\u00e1c gia \u0111\u00ecnh hi\u1ec7n \u0111\u1ea1i.<br>Ch\u00fang t\u00f4i tin r\u1eb1ng qu\u1ea7n \u00e1o kh\u00f4ng ch\u1ec9 c\u1ea7n s\u1ea1ch. Ch\u00fang c\u00f2n ph\u1ea3i m\u1ec1m m\u1ea1i, d\u1ec5 ch\u1ecbu v\u00e0 l\u01b0u h\u01b0\u01a1ng tinh t\u1ebf.<br>Nh\u1edd \u0111\u00f3, m\u1ed7i ng\u00e0y m\u1eb7c \u0111\u1ed3 \u0111\u1ec1u tr\u1edf th\u00e0nh m\u1ed9t tr\u1ea3i nghi\u1ec7m tho\u1ea3i m\u00e1i v\u00e0 d\u1ec5 ch\u1ecbu.<\/p>\n\n\n\n<p class=\"has-background has-medium-font-size\" style=\"background-color:#c5d8e3\"><em>\u0110\u1ed9i ng\u0169 t\u01b0 v\u1ea5n c\u1ee7a Lamior \u0111\u1ec1u l\u00e0 nh\u1eefng chuy\u00ean gia c\u1ea5p cao chuy\u00ean ng\u00e0nh, s\u1edf h\u1eefu nhi\u1ec1u n\u0103m kinh nghi\u1ec7m chuy\u00ean s\u00e2u t\u01b0 v\u1ea5n trong l\u0129nh v\u1ef1c<\/em> gi\u1eb7t x\u1ea3.<\/p>\n\n\n\n<div class=\"wp-block-cover\"><img loading=\"lazy\" decoding=\"async\" width=\"843\" height=\"500\" class=\"wp-block-cover__image-background wp-image-366\" alt=\"\" src=\"https:\/\/lamior.site\/wp-content\/uploads\/2026\/01\/ccth.jpg\" data-object-fit=\"cover\" srcset=\"https:\/\/lamior.site\/wp-content\/uploads\/2026\/01\/ccth.jpg 843w, https:\/\/lamior.site\/wp-content\/uploads\/2026\/01\/ccth-300x178.jpg 300w, https:\/\/lamior.site\/wp-content\/uploads\/2026\/01\/ccth-768x456.jpg 768w, https:\/\/lamior.site\/wp-content\/uploads\/2026\/01\/ccth-600x356.jpg 600w\" sizes=\"auto, (max-width: 843px) 100vw, 843px\" \/><span aria-hidden=\"true\" class=\"wp-block-cover__background has-background-dim\"><\/span><div class=\"wp-block-cover__inner-container is-layout-flow wp-block-cover-is-layout-flow\">\n<p>C\u00e2u chuy\u1ec7n th\u01b0\u01a1ng hi\u1ec7u<\/p>\n\n\n\n<p>Lamior ra \u0111\u1eddi t\u1eeb s\u1ef1 th\u1ea5u hi\u1ec3u nh\u1eefng nhu c\u1ea7u r\u1ea5t \u0111\u1eddi th\u01b0\u1eddng: qu\u1ea7n \u00e1o sau khi gi\u1eb7t v\u1eabn c\u00f2n m\u00f9i \u1ea9m, h\u01b0\u01a1ng th\u01a1m kh\u00f4ng b\u1ec1n, hay l\u00e0n da nh\u1ea1y c\u1ea3m d\u1ec5 b\u1ecb k\u00edch \u1ee9ng. T\u1eeb \u0111\u00f3, Lamior kh\u00f4ng ng\u1eebng nghi\u00ean c\u1ee9u v\u00e0 ph\u00e1t tri\u1ec3n c\u00e1c d\u00f2ng n\u01b0\u1edbc gi\u1eb7t x\u1ea3 v\u1edbi <strong>c\u00f4ng th\u1ee9c c\u00e2n b\u1eb1ng<\/strong>, k\u1ebft h\u1ee3p gi\u1eefa kh\u1ea3 n\u0103ng l\u00e0m s\u1ea1ch hi\u1ec7u qu\u1ea3 v\u00e0 h\u01b0\u01a1ng th\u01a1m l\u1ea5y c\u1ea3m h\u1ee9ng t\u1eeb thi\u00ean nhi\u00ean.<\/p>\n\n\n\n<p>Ch\u00fang t\u00f4i tin r\u1eb1ng s\u1ef1 tinh t\u1ebf n\u1eb1m \u1edf nh\u1eefng \u0111i\u1ec1u nh\u1ecf nh\u1ea5t \u2013 t\u1eeb m\u00f9i h\u01b0\u01a1ng d\u1ecbu nh\u1eb9 \u0111\u1ebfn c\u1ea3m gi\u00e1c m\u1ec1m m\u1ea1i tr\u00ean t\u1eebng s\u1ee3i v\u1ea3i.<\/p>\n<\/div><\/div>\n\n\n\n<div class=\"wp-block-media-text is-stacked-on-mobile\"><figure class=\"wp-block-media-text__media\"><img loading=\"lazy\" decoding=\"async\" width=\"356\" height=\"361\" src=\"https:\/\/lamior.site\/wp-content\/uploads\/2026\/01\/nv.jpg\" alt=\"\" class=\"wp-image-367 size-full\" srcset=\"https:\/\/lamior.site\/wp-content\/uploads\/2026\/01\/nv.jpg 356w, https:\/\/lamior.site\/wp-content\/uploads\/2026\/01\/nv-296x300.jpg 296w, https:\/\/lamior.site\/wp-content\/uploads\/2026\/01\/nv-100x100.jpg 100w\" sizes=\"auto, (max-width: 356px) 100vw, 356px\" \/><\/figure><div class=\"wp-block-media-text__content\">\n<p class=\"has-text-color has-link-color has-medium-font-size wp-elements-783c3b80a50e954f4dbe6a0ddceda261\" style=\"color:#42957a\"><strong>T\u1ea7m nh\u00ecn v\u00e0 s\u1ee9 m\u1ec7nh<\/strong><\/p>\n\n\n\n<p>Lamior h\u01b0\u1edbng \u0111\u1ebfn vi\u1ec7c tr\u1edf th\u00e0nh ng\u01b0\u1eddi b\u1ea1n \u0111\u1ed3ng h\u00e0nh \u0111\u00e1ng tin c\u1eady trong m\u1ed7i gia \u0111\u00ecnh Vi\u1ec7t, gi\u00fap vi\u1ec7c gi\u1eb7t gi\u0169 tr\u1edf n\u00ean nh\u1eb9 nh\u00e0ng h\u01a1n, th\u01a1m m\u00e1t h\u01a1n v\u00e0 an t\u00e2m h\u01a1n m\u1ed7i ng\u00e0y, mong mu\u1ed1n x\u00e2y d\u1ef1ng m\u1ed9t th\u01b0\u01a1ng hi\u1ec7u n\u01b0\u1edbc gi\u1eb7t x\u1ea3 \u0111\u01b0\u1ee3c y\u00eau th\u00edch v\u00ec ch\u1ea5t l\u01b0\u1ee3ng, tin t\u01b0\u1edfng v\u00ec s\u1ef1 an to\u00e0n v\u00e0 ghi nh\u1edb b\u1edfi h\u01b0\u01a1ng th\u01a1m \u0111\u1eb7c tr\u01b0ng, kh\u00f4ng ng\u1eebng \u0111\u1ed5i m\u1edbi \u0111\u1ec3 ph\u00f9 h\u1ee3p v\u1edbi l\u1ed1i s\u1ed1ng hi\u1ec7n \u0111\u1ea1i v\u00e0 b\u1ec1n v\u1eefng<\/p>\n<\/div><\/div>\n\n\n\n<h2 class=\"wp-block-heading has-text-align-center\"><span class=\"ez-toc-section\" id=\"CAC_CHUYEN_GIA\"><\/span><em>C\u00c1C CHUY\u00caN GIA <\/em><span class=\"ez-toc-section-end\"><\/span><\/h2>\n\n\n\n<div class=\"wp-block-columns is-layout-flex wp-container-core-columns-is-layout-9d6595d7 wp-block-columns-is-layout-flex\">\n<div class=\"wp-block-column is-layout-flow wp-block-column-is-layout-flow\">\n<figure class=\"wp-block-image size-full\"><img loading=\"lazy\" decoding=\"async\" width=\"344\" height=\"603\" src=\"https:\/\/lamior.site\/wp-content\/uploads\/2026\/01\/truc.jpg\" alt=\"\" class=\"wp-image-376\" srcset=\"https:\/\/lamior.site\/wp-content\/uploads\/2026\/01\/truc.jpg 344w, https:\/\/lamior.site\/wp-content\/uploads\/2026\/01\/truc-171x300.jpg 171w\" sizes=\"auto, (max-width: 344px) 100vw, 344px\" \/><\/figure>\n<\/div>\n\n\n\n<div class=\"wp-block-column is-layout-flow wp-block-column-is-layout-flow\">\n<figure class=\"wp-block-image size-full\"><img loading=\"lazy\" decoding=\"async\" width=\"342\" height=\"614\" src=\"https:\/\/lamior.site\/wp-content\/uploads\/2026\/01\/lien.jpg\" alt=\"\" class=\"wp-image-378\" style=\"aspect-ratio:0.5570167079601042\" srcset=\"https:\/\/lamior.site\/wp-content\/uploads\/2026\/01\/lien.jpg 342w, https:\/\/lamior.site\/wp-content\/uploads\/2026\/01\/lien-167x300.jpg 167w\" sizes=\"auto, (max-width: 342px) 100vw, 342px\" \/><\/figure>\n<\/div>\n\n\n\n<div class=\"wp-block-column is-layout-flow wp-block-column-is-layout-flow\">\n<figure class=\"wp-block-image size-full\"><img loading=\"lazy\" decoding=\"async\" width=\"350\" height=\"607\" src=\"https:\/\/lamior.site\/wp-content\/uploads\/2026\/01\/cute.jpg\" alt=\"\" class=\"wp-image-379\" srcset=\"https:\/\/lamior.site\/wp-content\/uploads\/2026\/01\/cute.jpg 350w, https:\/\/lamior.site\/wp-content\/uploads\/2026\/01\/cute-173x300.jpg 173w\" sizes=\"auto, (max-width: 350px) 100vw, 350px\" \/><\/figure>\n<\/div>\n<\/div>\n\n\n\n<figure class=\"wp-block-table\"><table class=\"has-fixed-layout\"><tbody><tr><td class=\"has-text-align-center\" data-align=\"center\">Ms. L\u00ea Thanh Tr\u00fac<br>C\u1ed1 V\u1ea5n Cao C\u1ea5p LAMIOR<\/td><td class=\"has-text-align-center\" data-align=\"center\">Ms. \u0110\u01b0\u1eddng Ng\u1ecdc Li\u00ean<br>T\u1ed5ng Gi\u00e1m \u0110\u1ed1c LAMIOR<\/td><td class=\"has-text-align-center\" data-align=\"center\">Ms. Nguy\u1ec5n Ph\u01b0\u01a1ng Linh<br>Ch\u1ee7 T\u1ecbch T\u1eadp \u0110o\u00e0n LAMIOR<\/td><\/tr><\/tbody><\/table><\/figure>\n\n\n\n<div class=\"wp-block-columns is-layout-flex wp-container-core-columns-is-layout-9d6595d7 wp-block-columns-is-layout-flex\">\n<div class=\"wp-block-column is-layout-flow wp-block-column-is-layout-flow\">\n<figure class=\"wp-block-image size-full\"><img loading=\"lazy\" decoding=\"async\" width=\"339\" height=\"602\" src=\"https:\/\/lamior.site\/wp-content\/uploads\/2026\/01\/ly.jpg\" alt=\"\" class=\"wp-image-380\" srcset=\"https:\/\/lamior.site\/wp-content\/uploads\/2026\/01\/ly.jpg 339w, https:\/\/lamior.site\/wp-content\/uploads\/2026\/01\/ly-169x300.jpg 169w\" sizes=\"auto, (max-width: 339px) 100vw, 339px\" \/><\/figure>\n<\/div>\n\n\n\n<div class=\"wp-block-column is-layout-flow wp-block-column-is-layout-flow\">\n<figure class=\"wp-block-image size-full\"><img loading=\"lazy\" decoding=\"async\" width=\"352\" height=\"615\" src=\"https:\/\/lamior.site\/wp-content\/uploads\/2026\/01\/quy-1.jpg\" alt=\"\" class=\"wp-image-386\" srcset=\"https:\/\/lamior.site\/wp-content\/uploads\/2026\/01\/quy-1.jpg 352w, https:\/\/lamior.site\/wp-content\/uploads\/2026\/01\/quy-1-172x300.jpg 172w\" sizes=\"auto, (max-width: 352px) 100vw, 352px\" \/><\/figure>\n<\/div>\n<\/div>\n\n\n\n<figure class=\"wp-block-table\"><table class=\"has-fixed-layout\"><tbody><tr><td class=\"has-text-align-center\" data-align=\"center\">Mr. Tr\u1ea7n Minh L\u00fd<br>Gi\u00e1m \u0111\u1ed1c \u0111i\u1ec1u h\u00e0nh t\u1eadp \u0111o\u00e0n <\/td><td class=\"has-text-align-center\" data-align=\"center\">Mr. L\u00ea Gia Quy<br>Ph\u00f3 T\u1ed5ng gi\u00e1m \u0111\u1ed1c t\u1eadp \u0111o\u00e0n Lamior<\/td><\/tr><\/tbody><\/table><\/figure>\n\n\n\n<p class=\"has-text-align-center has-background has-large-font-size\" style=\"background-color:#bbf2dc\"><strong><em>CAM K\u1ebeT C\u1ee6A CH\u00daNG T\u00d4I <\/em><\/strong><\/p>\n\n\n\n<p class=\"has-text-align-center\">Gi\u1eb7t s\u1ea1ch hi\u1ec7u qu\u1ea3, l\u01b0u h\u01b0\u01a1ng l\u00e2u<\/p>\n\n\n\n<p class=\"has-text-align-center\">D\u1ecbu nh\u1eb9 v\u1edbi l\u00e0n da<\/p>\n\n\n\n<p class=\"has-text-align-center\">Ph\u00f9 h\u1ee3p v\u1edbi nhi\u1ec1u lo\u1ea1i v\u1ea3i<\/p>\n\n\n\n<p class=\"has-text-align-center\">Gi\u00e1 th\u00e0nh h\u1ee3p l\u00fd, d\u1ec5 ti\u1ebfp c\u1eadn<\/p>\n\n\n\n<hr class=\"wp-block-separator has-alpha-channel-opacity\"\/>\n\n\n\n<blockquote class=\"wp-block-quote is-layout-flow wp-block-quote-is-layout-flow\">\n<blockquote class=\"wp-block-quote is-layout-flow wp-block-quote-is-layout-flow\">\n<p>Li\u00ean h\u1ec7 v\u1edbi ch\u00fang t\u00f4i \u0111\u1ec3 bi\u1ebft th\u00eam chi ti\u1ebft h\u1ec7 v\u1edbi ch\u00fang t\u00f4i \u0111\u1ec3 bi\u1ebft th\u00eam chi ti\u1ebft <\/p>\n\n\n\n<p><a href=\"https:\/\/lamior.site\/index.php\/lien-he\/\">Trang li\u00ean h\u1ec7 <\/a><\/p>\n\n\n\n<p><a href=\"https:\/\/lamior.site\/index.php\/chinh-sach-doi-tra-bai-nhom\/\">Ch\u00ednh s\u00e1ch \u0111\u1ed5i tr\u1ea3<\/a><\/p>\n<\/blockquote>\n<\/blockquote>\n\n\n\n<p><a href=\"https:\/\/www.facebook.com\/ng.phwlizh?locale=vi_VN\">Facebook<\/a><\/p>\n\n\n\n<p><\/p>\n","protected":false},"excerpt":{"rendered":"<p>Lamior l\u00e0 g\u00ec? Lamior l\u00e0 th\u01b0\u01a1ng hi\u1ec7u n\u01b0\u1edbc gi\u1eb7t x\u1ea3 mang \u0111\u1ebfn gi\u1ea3i ph\u00e1p ch\u0103m s\u00f3c qu\u1ea7n \u00e1o an to\u00e0n, th\u01a1m l\u00e2u v\u00e0 tinh t\u1ebf cho c\u00e1c gia \u0111\u00ecnh hi\u1ec7n \u0111\u1ea1i.Ch\u00fang t\u00f4i tin r\u1eb1ng qu\u1ea7n \u00e1o kh\u00f4ng ch\u1ec9 c\u1ea7n s\u1ea1ch. Ch\u00fang c\u00f2n ph\u1ea3i m\u1ec1m m\u1ea1i, d\u1ec5 ch\u1ecbu v\u00e0 l\u01b0u h\u01b0\u01a1ng tinh t\u1ebf.Nh\u1edd \u0111\u00f3, m\u1ed7i ng\u00e0y [&hellip;]<\/p>\n","protected":false},"author":1,"featured_media":0,"parent":0,"menu_order":0,"comment_status":"closed","ping_status":"closed","template":"","meta":{"footnotes":""},"class_list":["post-355","page","type-page","status-publish","hentry"],"yoast_head":"<!-- This site is optimized with the Yoast SEO plugin v26.8 - https:\/\/yoast.com\/product\/yoast-seo-wordpress\/ -->\n<title>V\u1ec0 CH\u00daNG T\u00d4I - Lamior<\/title>\n<meta name=\"description\" content=\"Kh\u00e1m ph\u00e1 n\u01b0\u1edbc gi\u1eb7t Lamior th\u1ebf h\u1ec7 m\u1edbi \u2013 gi\u1ea3i ph\u00e1p b\u1ea3o v\u1ec7 s\u1ee3i v\u1ea3i t\u1ed1i \u01b0u v\u00e0 an to\u00e0n tuy\u1ec7t \u0111\u1ed1i cho l\u00e0n da nh\u1ea1y c\u1ea3m.\" \/>\n<meta name=\"robots\" content=\"index, follow, max-snippet:-1, max-image-preview:large, max-video-preview:-1\" \/>\n<link rel=\"canonical\" href=\"https:\/\/lamior.site\/index.php\/ve-chung-toi\/\" \/>\n<meta property=\"og:locale\" content=\"vi_VN\" \/>\n<meta property=\"og:type\" content=\"article\" \/>\n<meta property=\"og:title\" content=\"V\u1ec0 CH\u00daNG T\u00d4I - Lamior\" \/>\n<meta property=\"og:description\" content=\"Kh\u00e1m ph\u00e1 n\u01b0\u1edbc gi\u1eb7t Lamior th\u1ebf h\u1ec7 m\u1edbi \u2013 gi\u1ea3i ph\u00e1p b\u1ea3o v\u1ec7 s\u1ee3i v\u1ea3i t\u1ed1i \u01b0u v\u00e0 an to\u00e0n tuy\u1ec7t \u0111\u1ed1i cho l\u00e0n da nh\u1ea1y c\u1ea3m.\" \/>\n<meta property=\"og:url\" content=\"https:\/\/lamior.site\/index.php\/ve-chung-toi\/\" \/>\n<meta property=\"og:site_name\" content=\"Lamior\" \/>\n<meta property=\"article:publisher\" content=\"https:\/\/www.facebook.com\/lequyisme206\" \/>\n<meta property=\"article:modified_time\" content=\"2026-02-22T06:06:22+00:00\" \/>\n<meta property=\"og:image\" content=\"https:\/\/lamior.site\/wp-content\/uploads\/2026\/01\/ccth.jpg\" \/>\n\t<meta property=\"og:image:width\" content=\"843\" \/>\n\t<meta property=\"og:image:height\" content=\"500\" \/>\n\t<meta property=\"og:image:type\" content=\"image\/jpeg\" \/>\n<meta name=\"twitter:card\" content=\"summary_large_image\" \/>\n<meta name=\"twitter:label1\" content=\"\u01af\u1edbc t\u00ednh th\u1eddi gian \u0111\u1ecdc\" \/>\n\t<meta name=\"twitter:data1\" content=\"4 ph\u00fat\" \/>\n<script type=\"application\/ld+json\" class=\"yoast-schema-graph\">{\"@context\":\"https:\/\/schema.org\",\"@graph\":[{\"@type\":\"WebPage\",\"@id\":\"https:\/\/lamior.site\/index.php\/ve-chung-toi\/\",\"url\":\"https:\/\/lamior.site\/index.php\/ve-chung-toi\/\",\"name\":\"V\u1ec0 CH\u00daNG T\u00d4I - Lamior\",\"isPartOf\":{\"@id\":\"https:\/\/lamior.site\/#website\"},\"primaryImageOfPage\":{\"@id\":\"https:\/\/lamior.site\/index.php\/ve-chung-toi\/#primaryimage\"},\"image\":{\"@id\":\"https:\/\/lamior.site\/index.php\/ve-chung-toi\/#primaryimage\"},\"thumbnailUrl\":\"https:\/\/lamior.site\/wp-content\/uploads\/2026\/01\/ccth.jpg\",\"datePublished\":\"2026-01-23T04:21:35+00:00\",\"dateModified\":\"2026-02-22T06:06:22+00:00\",\"description\":\"Kh\u00e1m ph\u00e1 n\u01b0\u1edbc gi\u1eb7t Lamior th\u1ebf h\u1ec7 m\u1edbi \u2013 gi\u1ea3i ph\u00e1p b\u1ea3o v\u1ec7 s\u1ee3i v\u1ea3i t\u1ed1i \u01b0u v\u00e0 an to\u00e0n tuy\u1ec7t \u0111\u1ed1i cho l\u00e0n da nh\u1ea1y c\u1ea3m.\",\"breadcrumb\":{\"@id\":\"https:\/\/lamior.site\/index.php\/ve-chung-toi\/#breadcrumb\"},\"inLanguage\":\"vi\",\"potentialAction\":[{\"@type\":\"ReadAction\",\"target\":[\"https:\/\/lamior.site\/index.php\/ve-chung-toi\/\"]}]},{\"@type\":\"ImageObject\",\"inLanguage\":\"vi\",\"@id\":\"https:\/\/lamior.site\/index.php\/ve-chung-toi\/#primaryimage\",\"url\":\"https:\/\/lamior.site\/wp-content\/uploads\/2026\/01\/ccth.jpg\",\"contentUrl\":\"https:\/\/lamior.site\/wp-content\/uploads\/2026\/01\/ccth.jpg\",\"width\":843,\"height\":500},{\"@type\":\"BreadcrumbList\",\"@id\":\"https:\/\/lamior.site\/index.php\/ve-chung-toi\/#breadcrumb\",\"itemListElement\":[{\"@type\":\"ListItem\",\"position\":1,\"name\":\"Trang ch\u1ee7\",\"item\":\"https:\/\/lamior.site\/\"},{\"@type\":\"ListItem\",\"position\":2,\"name\":\"V\u1ec0 CH\u00daNG T\u00d4I\"}]},{\"@type\":\"WebSite\",\"@id\":\"https:\/\/lamior.site\/#website\",\"url\":\"https:\/\/lamior.site\/\",\"name\":\"Lamior\",\"description\":\"Ch\u1ea1m V\u00e0o Thi\u00ean Nhi\u00ean, N\u00e2ng Niu S\u1ee3i V\u1ea3i\",\"publisher\":{\"@id\":\"https:\/\/lamior.site\/#organization\"},\"potentialAction\":[{\"@type\":\"SearchAction\",\"target\":{\"@type\":\"EntryPoint\",\"urlTemplate\":\"https:\/\/lamior.site\/?s={search_term_string}\"},\"query-input\":{\"@type\":\"PropertyValueSpecification\",\"valueRequired\":true,\"valueName\":\"search_term_string\"}}],\"inLanguage\":\"vi\"},{\"@type\":\"Organization\",\"@id\":\"https:\/\/lamior.site\/#organization\",\"name\":\"Lamior\",\"url\":\"https:\/\/lamior.site\/\",\"logo\":{\"@type\":\"ImageObject\",\"inLanguage\":\"vi\",\"@id\":\"https:\/\/lamior.site\/#\/schema\/logo\/image\/\",\"url\":\"https:\/\/lamior.site\/wp-content\/uploads\/2026\/01\/logo.jpg\",\"contentUrl\":\"https:\/\/lamior.site\/wp-content\/uploads\/2026\/01\/logo.jpg\",\"width\":1024,\"height\":1024,\"caption\":\"Lamior\"},\"image\":{\"@id\":\"https:\/\/lamior.site\/#\/schema\/logo\/image\/\"},\"sameAs\":[\"https:\/\/www.facebook.com\/lequyisme206\"]}]}<\/script>\n<!-- \/ Yoast SEO plugin. -->","yoast_head_json":{"title":"V\u1ec0 CH\u00daNG T\u00d4I - Lamior","description":"Kh\u00e1m ph\u00e1 n\u01b0\u1edbc gi\u1eb7t Lamior th\u1ebf h\u1ec7 m\u1edbi \u2013 gi\u1ea3i ph\u00e1p b\u1ea3o v\u1ec7 s\u1ee3i v\u1ea3i t\u1ed1i \u01b0u v\u00e0 an to\u00e0n tuy\u1ec7t \u0111\u1ed1i cho l\u00e0n da nh\u1ea1y c\u1ea3m.","robots":{"index":"index","follow":"follow","max-snippet":"max-snippet:-1","max-image-preview":"max-image-preview:large","max-video-preview":"max-video-preview:-1"},"canonical":"https:\/\/lamior.site\/index.php\/ve-chung-toi\/","og_locale":"vi_VN","og_type":"article","og_title":"V\u1ec0 CH\u00daNG T\u00d4I - Lamior","og_description":"Kh\u00e1m ph\u00e1 n\u01b0\u1edbc gi\u1eb7t Lamior th\u1ebf h\u1ec7 m\u1edbi \u2013 gi\u1ea3i ph\u00e1p b\u1ea3o v\u1ec7 s\u1ee3i v\u1ea3i t\u1ed1i \u01b0u v\u00e0 an to\u00e0n tuy\u1ec7t \u0111\u1ed1i cho l\u00e0n da nh\u1ea1y c\u1ea3m.","og_url":"https:\/\/lamior.site\/index.php\/ve-chung-toi\/","og_site_name":"Lamior","article_publisher":"https:\/\/www.facebook.com\/lequyisme206","article_modified_time":"2026-02-22T06:06:22+00:00","og_image":[{"width":843,"height":500,"url":"https:\/\/lamior.site\/wp-content\/uploads\/2026\/01\/ccth.jpg","type":"image\/jpeg"}],"twitter_card":"summary_large_image","twitter_misc":{"\u01af\u1edbc t\u00ednh th\u1eddi gian \u0111\u1ecdc":"4 ph\u00fat"},"schema":{"@context":"https:\/\/schema.org","@graph":[{"@type":"WebPage","@id":"https:\/\/lamior.site\/index.php\/ve-chung-toi\/","url":"https:\/\/lamior.site\/index.php\/ve-chung-toi\/","name":"V\u1ec0 CH\u00daNG T\u00d4I - Lamior","isPartOf":{"@id":"https:\/\/lamior.site\/#website"},"primaryImageOfPage":{"@id":"https:\/\/lamior.site\/index.php\/ve-chung-toi\/#primaryimage"},"image":{"@id":"https:\/\/lamior.site\/index.php\/ve-chung-toi\/#primaryimage"},"thumbnailUrl":"https:\/\/lamior.site\/wp-content\/uploads\/2026\/01\/ccth.jpg","datePublished":"2026-01-23T04:21:35+00:00","dateModified":"2026-02-22T06:06:22+00:00","description":"Kh\u00e1m ph\u00e1 n\u01b0\u1edbc gi\u1eb7t Lamior th\u1ebf h\u1ec7 m\u1edbi \u2013 gi\u1ea3i ph\u00e1p b\u1ea3o v\u1ec7 s\u1ee3i v\u1ea3i t\u1ed1i \u01b0u v\u00e0 an to\u00e0n tuy\u1ec7t \u0111\u1ed1i cho l\u00e0n da nh\u1ea1y c\u1ea3m.","breadcrumb":{"@id":"https:\/\/lamior.site\/index.php\/ve-chung-toi\/#breadcrumb"},"inLanguage":"vi","potentialAction":[{"@type":"ReadAction","target":["https:\/\/lamior.site\/index.php\/ve-chung-toi\/"]}]},{"@type":"ImageObject","inLanguage":"vi","@id":"https:\/\/lamior.site\/index.php\/ve-chung-toi\/#primaryimage","url":"https:\/\/lamior.site\/wp-content\/uploads\/2026\/01\/ccth.jpg","contentUrl":"https:\/\/lamior.site\/wp-content\/uploads\/2026\/01\/ccth.jpg","width":843,"height":500},{"@type":"BreadcrumbList","@id":"https:\/\/lamior.site\/index.php\/ve-chung-toi\/#breadcrumb","itemListElement":[{"@type":"ListItem","position":1,"name":"Trang ch\u1ee7","item":"https:\/\/lamior.site\/"},{"@type":"ListItem","position":2,"name":"V\u1ec0 CH\u00daNG T\u00d4I"}]},{"@type":"WebSite","@id":"https:\/\/lamior.site\/#website","url":"https:\/\/lamior.site\/","name":"Lamior","description":"Ch\u1ea1m V\u00e0o Thi\u00ean Nhi\u00ean, N\u00e2ng Niu S\u1ee3i V\u1ea3i","publisher":{"@id":"https:\/\/lamior.site\/#organization"},"potentialAction":[{"@type":"SearchAction","target":{"@type":"EntryPoint","urlTemplate":"https:\/\/lamior.site\/?s={search_term_string}"},"query-input":{"@type":"PropertyValueSpecification","valueRequired":true,"valueName":"search_term_string"}}],"inLanguage":"vi"},{"@type":"Organization","@id":"https:\/\/lamior.site\/#organization","name":"Lamior","url":"https:\/\/lamior.site\/","logo":{"@type":"ImageObject","inLanguage":"vi","@id":"https:\/\/lamior.site\/#\/schema\/logo\/image\/","url":"https:\/\/lamior.site\/wp-content\/uploads\/2026\/01\/logo.jpg","contentUrl":"https:\/\/lamior.site\/wp-content\/uploads\/2026\/01\/logo.jpg","width":1024,"height":1024,"caption":"Lamior"},"image":{"@id":"https:\/\/lamior.site\/#\/schema\/logo\/image\/"},"sameAs":["https:\/\/www.facebook.com\/lequyisme206"]}]}},"jetpack_sharing_enabled":true,"_links":{"self":[{"href":"https:\/\/lamior.site\/index.php\/wp-json\/wp\/v2\/pages\/355","targetHints":{"allow":["GET"]}}],"collection":[{"href":"https:\/\/lamior.site\/index.php\/wp-json\/wp\/v2\/pages"}],"about":[{"href":"https:\/\/lamior.site\/index.php\/wp-json\/wp\/v2\/types\/page"}],"author":[{"embeddable":true,"href":"https:\/\/lamior.site\/index.php\/wp-json\/wp\/v2\/users\/1"}],"replies":[{"embeddable":true,"href":"https:\/\/lamior.site\/index.php\/wp-json\/wp\/v2\/comments?post=355"}],"version-history":[{"count":6,"href":"https:\/\/lamior.site\/index.php\/wp-json\/wp\/v2\/pages\/355\/revisions"}],"predecessor-version":[{"id":526,"href":"https:\/\/lamior.site\/index.php\/wp-json\/wp\/v2\/pages\/355\/revisions\/526"}],"wp:attachment":[{"href":"https:\/\/lamior.site\/index.php\/wp-json\/wp\/v2\/media?parent=355"}],"curies":[{"name":"wp","href":"https:\/\/api.w.org\/{rel}","templated":true}]}}